{"id":155,"date":"2021-02-26T12:22:09","date_gmt":"2021-02-26T12:22:09","guid":{"rendered":"https:\/\/moroccoinsightexcursions.com\/es\/?page_id=155"},"modified":"2024-05-12T20:29:07","modified_gmt":"2024-05-12T20:29:07","slug":"excursion-camello-merzouga","status":"publish","type":"page","link":"https:\/\/moroccoinsightexcursions.com\/es\/excursion-camello-merzouga\/","title":{"rendered":"Paseos en Camello"},"content":{"rendered":"\t\t<div data-elementor-type=\"wp-page\" data-elementor-id=\"155\" class=\"elementor elementor-155\">\n\t\t\t\t\t\t<section class=\"elementor-section elementor-top-section elementor-element elementor-element-219d6735 elementor-section-height-min-height elementor-section-stretched elementor-section-full_width elementor-section-height-default elementor-section-items-middle\" data-id=\"219d6735\" data-element_type=\"section\" data-e-type=\"section\" data-settings=\"{&quot;background_background&quot;:&quot;slideshow&quot;,&quot;background_slideshow_gallery&quot;:[{&quot;id&quot;:506,&quot;url&quot;:&quot;https:\\\/\\\/moroccoinsightexcursions.com\\\/es\\\/wp-content\\\/uploads\\\/2021\\\/03\\\/Morocco-camel-trekking-trip.jpg&quot;}],&quot;background_slideshow_slide_duration&quot;:2000,&quot;background_slideshow_transition_duration&quot;:2000,&quot;stretch_section&quot;:&quot;section-stretched&quot;,&quot;background_slideshow_slide_transition&quot;:&quot;fade&quot;}\">\n\t\t\t\t\t\t\t<div class=\"elementor-background-overlay\"><\/div>\n\t\t\t\t\t\t\t<div class=\"elementor-container elementor-column-gap-no\">\n\t\t\t\t\t<div class=\"elementor-column elementor-col-100 elementor-top-column elementor-element elementor-element-8bd2fbf\" data-id=\"8bd2fbf\" data-element_type=\"column\" data-e-type=\"column\">\n\t\t\t<div class=\"elementor-widget-wrap\">\n\t\t\t\t\t\t\t<\/div>\n\t\t<\/div>\n\t\t\t\t\t<\/div>\n\t\t<\/section>\n\t\t\t\t<section class=\"elementor-section elementor-top-section elementor-element elementor-element-4ed7132 elementor-section-stretched elementor-section-boxed elementor-section-height-default elementor-section-height-default\" data-id=\"4ed7132\" data-element_type=\"section\" data-e-type=\"section\" data-settings=\"{&quot;background_background&quot;:&quot;gradient&quot;,&quot;stretch_section&quot;:&quot;section-stretched&quot;}\">\n\t\t\t\t\t\t<div class=\"elementor-container elementor-column-gap-default\">\n\t\t\t\t\t<div class=\"elementor-column elementor-col-100 elementor-top-column elementor-element elementor-element-30a5fd21\" data-id=\"30a5fd21\" data-element_type=\"column\" data-e-type=\"column\">\n\t\t\t<div class=\"elementor-widget-wrap elementor-element-populated\">\n\t\t\t\t\t\t<div class=\"elementor-element elementor-element-4bfcf6b6 elementor-widget elementor-widget-heading\" data-id=\"4bfcf6b6\" data-element_type=\"widget\" data-e-type=\"widget\" data-widget_type=\"heading.default\">\n\t\t\t\t<div class=\"elementor-widget-container\">\n\t\t\t\t\t<h1 class=\"elementor-heading-title elementor-size-default\">Excursion en Camello en Merzouga<\/h1>\t\t\t\t<\/div>\n\t\t\t\t<\/div>\n\t\t\t\t<div class=\"elementor-element elementor-element-78000426 elementor-widget elementor-widget-text-editor\" data-id=\"78000426\" data-element_type=\"widget\" data-e-type=\"widget\" data-widget_type=\"text-editor.default\">\n\t\t\t\t<div class=\"elementor-widget-container\">\n\t\t\t\t\t\t\t\t\t<p>Es imposible viajar a Marruecos sin visitar el desierto. El Sahara de Er Chebbi es un popular destino tur\u00edstico que atrae a viajeros de todo el mundo. Es decir, se organizan muchas<a href=\"https:\/\/moroccoinsightexcursions.com\/es\/\"> actividades en el desierto<\/a> para descubrir el desierto oculto a trav\u00e9s de sus dunas doradas y el desierto negro. Por ejemplo, se puede montar en quads o buggies y hacer un viaje por el desierto en 4&#215;4. Por supuesto, todo eso le ofrece la posibilidad de descubrir lo que hay en el desierto. Sin embargo, la excursi\u00f3n en camello en Merzouga, es la mejor actividad que puede experimentar. Combina cultura y naturaleza. La excursi\u00f3n en camello en Merzouga tambi\u00e9n le permite experimentar el medio de transporte de los n\u00f3madas. Viaje como nunca antes y retroceda a una \u00e9poca diferente.<\/p><p>En la actividad de excursi\u00f3n en camello en Merzouga, ofrecemos opciones de excursi\u00f3n en camello seg\u00fan sus necesidades. Organizamos desde un d\u00eda hasta una excursi\u00f3n en camello de varios d\u00edas. As\u00ed, hay un programa de un d\u00eda en el que visitar\u00e1 a los n\u00f3madas en la frontera y almorzar\u00e1 all\u00ed (pizza bereber), y luego regresar\u00e1 por la tarde. Adem\u00e1s, ofrecemos una excursi\u00f3n de dos d\u00edas en camello. Aqu\u00ed, pasar\u00e1 una noche en el campamento y visitar\u00e1 a los n\u00f3madas al d\u00eda siguiente. All\u00ed se incluye el almuerzo y se regresa al hotel por la noche. Por \u00faltimo, tambi\u00e9n se ofrece una excursi\u00f3n de tres d\u00edas por el desierto. Pasar\u00e1 la noche en el campamento. Al d\u00eda siguiente, tras el desayuno, se contin\u00faa el viaje con los n\u00f3madas. Se pasa otra noche con ellos y se explora la zona para volver al hotel al d\u00eda siguiente. La ducha es en el hotel.<\/p>\t\t\t\t\t\t\t\t<\/div>\n\t\t\t\t<\/div>\n\t\t\t\t<div class=\"elementor-element elementor-element-51d498ec elementor-widget elementor-widget-heading\" data-id=\"51d498ec\" data-element_type=\"widget\" data-e-type=\"widget\" data-widget_type=\"heading.default\">\n\t\t\t\t<div class=\"elementor-widget-container\">\n\t\t\t\t\t<h2 class=\"elementor-heading-title elementor-size-default\">Excursi\u00f3n de 1 d\u00eda en camello a los n\u00f3madas<\/h2>\t\t\t\t<\/div>\n\t\t\t\t<\/div>\n\t\t\t\t<div class=\"elementor-element elementor-element-3c6f60b6 elementor-widget elementor-widget-text-editor\" data-id=\"3c6f60b6\" data-element_type=\"widget\" data-e-type=\"widget\" data-widget_type=\"text-editor.default\">\n\t\t\t\t<div class=\"elementor-widget-container\">\n\t\t\t\t\t\t\t\t\t<p>La excursi\u00f3n de un d\u00eda comenzar\u00e1 por la ma\u00f1ana desde su alojamiento. Montar\u00e1 en camellos y recorrer\u00e1 las dunas. Su gu\u00eda de camellos se detendr\u00e1 en cualquier lugar que desee fotografiar. Descubrir\u00e1 la zona de las familias n\u00f3madas que viven en tiendas hechas a mano. Tendr\u00e1 suficiente tiempo all\u00ed y disfrutar\u00e1 de pizza bereber para el almuerzo. Por la tarde, volver\u00e1s de otra manera. Adem\u00e1s, hay tiempo suficiente para contemplar la impresionante vista de la puesta de sol en la cima de las dunas. Finalmente, la excursi\u00f3n en camello Merzouga por Marruecos termina al llegar al hotel.<\/p>\t\t\t\t\t\t\t\t<\/div>\n\t\t\t\t<\/div>\n\t\t\t\t<div class=\"elementor-element elementor-element-30e5a50b elementor-widget elementor-widget-heading\" data-id=\"30e5a50b\" data-element_type=\"widget\" data-e-type=\"widget\" data-widget_type=\"heading.default\">\n\t\t\t\t<div class=\"elementor-widget-container\">\n\t\t\t\t\t<h2 class=\"elementor-heading-title elementor-size-default\">Una noche en el campamento<\/h2>\t\t\t\t<\/div>\n\t\t\t\t<\/div>\n\t\t\t\t<div class=\"elementor-element elementor-element-6518fac elementor-widget elementor-widget-text-editor\" data-id=\"6518fac\" data-element_type=\"widget\" data-e-type=\"widget\" data-widget_type=\"text-editor.default\">\n\t\t\t\t<div class=\"elementor-widget-container\">\n\t\t\t\t\t\t\t\t\t<p>Esta es otra posibilidad de pasar una noche en el campamento. Organizamos su viaje en camello desde su alojamiento cerca de las dunas. Por lo tanto, el camello ir\u00e1 cargado con todo lo necesario y el viaje comenzar\u00e1 a \u00faltima hora de la tarde. Tardaremos alrededor de 1:30 horas en llegar al campamento. Es una gran oportunidad para admirar la puesta de sol, el cielo estrellado, la V\u00eda L\u00e1ctea y el amanecer. Despu\u00e9s de comer una deliciosa comida, los lugare\u00f1os le entretendr\u00e1n con m\u00fasica alrededor del fuego. Esperamos que el tiempo est\u00e9 despejado para disfrutar del amanecer y volver en camello o en 4&#215;4. El desayuno y la ducha ser\u00e1n en el hotel.<\/p>\t\t\t\t\t\t\t\t<\/div>\n\t\t\t\t<\/div>\n\t\t\t\t<div class=\"elementor-element elementor-element-3f02dcd4 elementor-widget elementor-widget-heading\" data-id=\"3f02dcd4\" data-element_type=\"widget\" data-e-type=\"widget\" data-widget_type=\"heading.default\">\n\t\t\t\t<div class=\"elementor-widget-container\">\n\t\t\t\t\t<h2 class=\"elementor-heading-title elementor-size-default\">Excursi\u00f3n de 2 d\u00edas por el campamento y los n\u00f3madas<\/h2>\t\t\t\t<\/div>\n\t\t\t\t<\/div>\n\t\t\t\t<div class=\"elementor-element elementor-element-7c1094e7 elementor-widget elementor-widget-text-editor\" data-id=\"7c1094e7\" data-element_type=\"widget\" data-e-type=\"widget\" data-widget_type=\"text-editor.default\">\n\t\t\t\t<div class=\"elementor-widget-container\">\n\t\t\t\t\t\t\t\t\t<p>La excursi\u00f3n comenzar\u00e1 por la tarde desde el hotel o Riad. Atraviese las dunas y disfrute de la tranquilidad del desierto. El gu\u00eda de camellos se detendr\u00e1 en medio de las dunas para contemplar una m\u00e1gica puesta de sol. Tambi\u00e9n existe la posibilidad de experimentar el sandboarding. Despu\u00e9s de la cena en el campamento, le amenizar\u00e1n con m\u00fasica alrededor del fuego y disfrutar\u00e1 de la noche bajo el cielo estrellado. Al d\u00eda siguiente, se trasladar\u00e1 a los n\u00f3madas despu\u00e9s del desayuno. La sencillez y la sonrisa de los n\u00f3madas le har\u00e1n feliz. T\u00e9 de pizza bereber del almuerzo est\u00e1 all\u00ed y admirar la vista del desierto negro. A partir de entonces, el disfrute de la puesta de sol en su camino hacia el hotel.<\/p>\t\t\t\t\t\t\t\t<\/div>\n\t\t\t\t<\/div>\n\t\t\t\t<div class=\"elementor-element elementor-element-633228e1 elementor-widget elementor-widget-heading\" data-id=\"633228e1\" data-element_type=\"widget\" data-e-type=\"widget\" data-widget_type=\"heading.default\">\n\t\t\t\t<div class=\"elementor-widget-container\">\n\t\t\t\t\t<h2 class=\"elementor-heading-title elementor-size-default\">Excursi\u00f3n de 3 d\u00edas en camello y 4x4<\/h2>\t\t\t\t<\/div>\n\t\t\t\t<\/div>\n\t\t\t\t<div class=\"elementor-element elementor-element-624b0460 elementor-widget elementor-widget-text-editor\" data-id=\"624b0460\" data-element_type=\"widget\" data-e-type=\"widget\" data-widget_type=\"text-editor.default\">\n\t\t\t\t<div class=\"elementor-widget-container\">\n\t\t\t\t\t\t\t\t\t<p>La excursi\u00f3n en camello saldr\u00e1 por la tarde. Como es habitual, cruzar\u00e1 las dunas y disfrutar\u00e1 de la puesta de sol y del sandboarding. En el campamento, disfrutar\u00e1 de la comida local y de los tambores alrededor del fuego. Por la ma\u00f1ana, su viaje ser\u00e1 en los n\u00f3madas y almorzar\u00e1 all\u00ed. Adem\u00e1s, su gu\u00eda de camellos le llevar\u00e1 a visitar la mina de Mifis en el desierto negro, cerca de la frontera. Es una aventura de trabajo diario en las profundidades de la tierra a 30 m donde las minas. Despu\u00e9s, volver\u00e1s a pasar la noche con los n\u00f3madas. Al d\u00eda siguiente, desayunar\u00e1s y volver\u00e1s en camello al hotel.\u00a0<\/p><p>Por la tarde, experimentar\u00e1 la conducci\u00f3n de un 4&#215;4 para descubrir otras zonas del desierto. En primer lugar, le llevaremos a visitar el pueblo de Khamlia. Es un pueblo habitado por los gente de Gnawa de Mal\u00ed y Sud\u00e1n.. Ofrecen m\u00fasica tradicional Gnawa para disfrutar, luego visitaremos el lago. Es el hogar de muchas aves, como Famligos, por lo que tambi\u00e9n recibe el nombre de lago de los flamencos. No s\u00f3lo atrae a los visitantes, sino tambi\u00e9n a diferentes tipos de aves, como patos, palomas, flamencos&#8230; Adem\u00e1s, visitaremos uno de los palmerales. Por \u00faltimo, la excursi\u00f3n en camello por Marruecos termina despu\u00e9s de que le dejemos en su alojamiento.\u00a0<\/p><p><strong><span style=\"color: #339966;\">Lo que se incluye:<\/span><\/strong><\/p><ul><li><strong>Alojamiento donde dejar el equipaje<\/strong><\/li><li><strong>Ducha, cena y desayuno<\/strong><\/li><li><strong>Aparcamiento para su coche (si lo necesita)<\/strong><\/li><li><strong>Almuerzo en N\u00f3madas<\/strong><\/li><li><strong>Campamento en el desierto y tiendas n\u00f3madas<\/strong><\/li><li><strong>Camello para cada<\/strong><\/li><li><strong> uno Excursi\u00f3n en 4&#215;4 (En viaje de 3 d\u00edas)<\/strong><\/li><li><strong>Botella de agua<\/strong><\/li><\/ul>\t\t\t\t\t\t\t\t<\/div>\n\t\t\t\t<\/div>\n\t\t\t\t\t<\/div>\n\t\t<\/div>\n\t\t\t\t\t<\/div>\n\t\t<\/section>\n\t\t\t\t<\/div>\n\t\t","protected":false},"excerpt":{"rendered":"<p>Excursion en Camello en Merzouga Es imposible viajar a Marruecos sin visitar el desierto. El Sahara de Er Chebbi es un popular destino tur\u00edstico que atrae a viajeros de todo el mundo. Es decir, se organizan muchas actividades en el &hellip; <a href=\"https:\/\/moroccoinsightexcursions.com\/es\/excursion-camello-merzouga\/\">Read More<\/a><\/p>\n","protected":false},"author":2,"featured_media":506,"parent":0,"menu_order":0,"comment_status":"closed","ping_status":"closed","template":"","meta":{"_joinchat":[],"footnotes":""},"class_list":["post-155","page","type-page","status-publish","has-post-thumbnail","hentry"],"yoast_head":"<!-- This site is optimized with the Yoast SEO plugin v27.3 - https:\/\/yoast.com\/product\/yoast-seo-wordpress\/ -->\n<title>Excursi\u00f3n en camello en Merzouga - Morocco Insight Excursions<\/title>\n<meta name=\"description\" content=\"Descubra excursi\u00f3n en camello en Merzouga. Viaje al coraz\u00f3n del desierto. Monte en camello para experimentar el estilo de vida n\u00f3mada\" \/>\n<meta name=\"robots\" content=\"index, follow, max-snippet:-1, max-image-preview:large, max-video-preview:-1\" \/>\n<link rel=\"canonical\" href=\"https:\/\/moroccoinsightexcursions.com\/es\/excursion-camello-merzouga\/\" \/>\n<meta property=\"og:locale\" content=\"es_ES\" \/>\n<meta property=\"og:type\" content=\"article\" \/>\n<meta property=\"og:title\" content=\"Excursi\u00f3n en camello en Merzouga - Morocco Insight Excursions\" \/>\n<meta property=\"og:description\" content=\"Descubra excursi\u00f3n en camello en Merzouga. Viaje al coraz\u00f3n del desierto. Monte en camello para experimentar el estilo de vida n\u00f3mada\" \/>\n<meta property=\"og:url\" content=\"https:\/\/moroccoinsightexcursions.com\/es\/excursion-camello-merzouga\/\" \/>\n<meta property=\"og:site_name\" content=\"Morocco Insight Excursions\" \/>\n<meta property=\"article:publisher\" content=\"https:\/\/www.facebook.com\/moroccoinsightexcursions\" \/>\n<meta property=\"article:modified_time\" content=\"2024-05-12T20:29:07+00:00\" \/>\n<meta property=\"og:image\" content=\"https:\/\/moroccoinsightexcursions.com\/es\/wp-content\/uploads\/2021\/03\/Morocco-camel-trekking-trip.jpg\" \/>\n\t<meta property=\"og:image:width\" content=\"500\" \/>\n\t<meta property=\"og:image:height\" content=\"321\" \/>\n\t<meta property=\"og:image:type\" content=\"image\/jpeg\" \/>\n<meta name=\"twitter:card\" content=\"summary_large_image\" \/>\n<meta name=\"twitter:site\" content=\"@Web_Tours\" \/>\n<meta name=\"twitter:label1\" content=\"Tiempo de lectura\" \/>\n\t<meta name=\"twitter:data1\" content=\"5 minutos\" \/>\n<script type=\"application\/ld+json\" class=\"yoast-schema-graph\">{\"@context\":\"https:\\\/\\\/schema.org\",\"@graph\":[{\"@type\":\"WebPage\",\"@id\":\"https:\\\/\\\/moroccoinsightexcursions.com\\\/es\\\/excursion-camello-merzouga\\\/\",\"url\":\"https:\\\/\\\/moroccoinsightexcursions.com\\\/es\\\/excursion-camello-merzouga\\\/\",\"name\":\"Excursi\u00f3n en camello en Merzouga - Morocco Insight Excursions\",\"isPartOf\":{\"@id\":\"https:\\\/\\\/moroccoinsightexcursions.com\\\/es\\\/#website\"},\"primaryImageOfPage\":{\"@id\":\"https:\\\/\\\/moroccoinsightexcursions.com\\\/es\\\/excursion-camello-merzouga\\\/#primaryimage\"},\"image\":{\"@id\":\"https:\\\/\\\/moroccoinsightexcursions.com\\\/es\\\/excursion-camello-merzouga\\\/#primaryimage\"},\"thumbnailUrl\":\"https:\\\/\\\/moroccoinsightexcursions.com\\\/es\\\/wp-content\\\/uploads\\\/2021\\\/03\\\/Morocco-camel-trekking-trip.jpg\",\"datePublished\":\"2021-02-26T12:22:09+00:00\",\"dateModified\":\"2024-05-12T20:29:07+00:00\",\"description\":\"Descubra excursi\u00f3n en camello en Merzouga. Viaje al coraz\u00f3n del desierto. Monte en camello para experimentar el estilo de vida n\u00f3mada\",\"breadcrumb\":{\"@id\":\"https:\\\/\\\/moroccoinsightexcursions.com\\\/es\\\/excursion-camello-merzouga\\\/#breadcrumb\"},\"inLanguage\":\"es\",\"potentialAction\":[{\"@type\":\"ReadAction\",\"target\":[\"https:\\\/\\\/moroccoinsightexcursions.com\\\/es\\\/excursion-camello-merzouga\\\/\"]}]},{\"@type\":\"ImageObject\",\"inLanguage\":\"es\",\"@id\":\"https:\\\/\\\/moroccoinsightexcursions.com\\\/es\\\/excursion-camello-merzouga\\\/#primaryimage\",\"url\":\"https:\\\/\\\/moroccoinsightexcursions.com\\\/es\\\/wp-content\\\/uploads\\\/2021\\\/03\\\/Morocco-camel-trekking-trip.jpg\",\"contentUrl\":\"https:\\\/\\\/moroccoinsightexcursions.com\\\/es\\\/wp-content\\\/uploads\\\/2021\\\/03\\\/Morocco-camel-trekking-trip.jpg\",\"width\":500,\"height\":321,\"caption\":\"Excursiones en Camellos Merzouga\"},{\"@type\":\"BreadcrumbList\",\"@id\":\"https:\\\/\\\/moroccoinsightexcursions.com\\\/es\\\/excursion-camello-merzouga\\\/#breadcrumb\",\"itemListElement\":[{\"@type\":\"ListItem\",\"position\":1,\"name\":\"Portada\",\"item\":\"https:\\\/\\\/moroccoinsightexcursions.com\\\/es\\\/\"},{\"@type\":\"ListItem\",\"position\":2,\"name\":\"Paseos en Camello\"}]},{\"@type\":\"WebSite\",\"@id\":\"https:\\\/\\\/moroccoinsightexcursions.com\\\/es\\\/#website\",\"url\":\"https:\\\/\\\/moroccoinsightexcursions.com\\\/es\\\/\",\"name\":\"Morocco Insight Excursions\",\"description\":\"Agencia de viajes en Marruecos\",\"publisher\":{\"@id\":\"https:\\\/\\\/moroccoinsightexcursions.com\\\/es\\\/#organization\"},\"potentialAction\":[{\"@type\":\"SearchAction\",\"target\":{\"@type\":\"EntryPoint\",\"urlTemplate\":\"https:\\\/\\\/moroccoinsightexcursions.com\\\/es\\\/?s={search_term_string}\"},\"query-input\":{\"@type\":\"PropertyValueSpecification\",\"valueRequired\":true,\"valueName\":\"search_term_string\"}}],\"inLanguage\":\"es\"},{\"@type\":\"Organization\",\"@id\":\"https:\\\/\\\/moroccoinsightexcursions.com\\\/es\\\/#organization\",\"name\":\"Morocco Insight Excursions\",\"url\":\"https:\\\/\\\/moroccoinsightexcursions.com\\\/es\\\/\",\"logo\":{\"@type\":\"ImageObject\",\"inLanguage\":\"es\",\"@id\":\"https:\\\/\\\/moroccoinsightexcursions.com\\\/es\\\/#\\\/schema\\\/logo\\\/image\\\/\",\"url\":\"https:\\\/\\\/moroccoinsightexcursions.com\\\/es\\\/wp-content\\\/uploads\\\/2021\\\/02\\\/Morocco_Logo_Color.png\",\"contentUrl\":\"https:\\\/\\\/moroccoinsightexcursions.com\\\/es\\\/wp-content\\\/uploads\\\/2021\\\/02\\\/Morocco_Logo_Color.png\",\"width\":2040,\"height\":1010,\"caption\":\"Morocco Insight Excursions\"},\"image\":{\"@id\":\"https:\\\/\\\/moroccoinsightexcursions.com\\\/es\\\/#\\\/schema\\\/logo\\\/image\\\/\"},\"sameAs\":[\"https:\\\/\\\/www.facebook.com\\\/moroccoinsightexcursions\",\"https:\\\/\\\/x.com\\\/Web_Tours\",\"https:\\\/\\\/www.instagram.com\\\/moroccoinsightexcursions\\\/\",\"https:\\\/\\\/www.pinterest.com\\\/moroccoinsightexcursions\\\/\"]}]}<\/script>\n<!-- \/ Yoast SEO plugin. -->","yoast_head_json":{"title":"Excursi\u00f3n en camello en Merzouga - Morocco Insight Excursions","description":"Descubra excursi\u00f3n en camello en Merzouga. Viaje al coraz\u00f3n del desierto. Monte en camello para experimentar el estilo de vida n\u00f3mada","robots":{"index":"index","follow":"follow","max-snippet":"max-snippet:-1","max-image-preview":"max-image-preview:large","max-video-preview":"max-video-preview:-1"},"canonical":"https:\/\/moroccoinsightexcursions.com\/es\/excursion-camello-merzouga\/","og_locale":"es_ES","og_type":"article","og_title":"Excursi\u00f3n en camello en Merzouga - Morocco Insight Excursions","og_description":"Descubra excursi\u00f3n en camello en Merzouga. Viaje al coraz\u00f3n del desierto. Monte en camello para experimentar el estilo de vida n\u00f3mada","og_url":"https:\/\/moroccoinsightexcursions.com\/es\/excursion-camello-merzouga\/","og_site_name":"Morocco Insight Excursions","article_publisher":"https:\/\/www.facebook.com\/moroccoinsightexcursions","article_modified_time":"2024-05-12T20:29:07+00:00","og_image":[{"width":500,"height":321,"url":"https:\/\/moroccoinsightexcursions.com\/es\/wp-content\/uploads\/2021\/03\/Morocco-camel-trekking-trip.jpg","type":"image\/jpeg"}],"twitter_card":"summary_large_image","twitter_site":"@Web_Tours","twitter_misc":{"Tiempo de lectura":"5 minutos"},"schema":{"@context":"https:\/\/schema.org","@graph":[{"@type":"WebPage","@id":"https:\/\/moroccoinsightexcursions.com\/es\/excursion-camello-merzouga\/","url":"https:\/\/moroccoinsightexcursions.com\/es\/excursion-camello-merzouga\/","name":"Excursi\u00f3n en camello en Merzouga - Morocco Insight Excursions","isPartOf":{"@id":"https:\/\/moroccoinsightexcursions.com\/es\/#website"},"primaryImageOfPage":{"@id":"https:\/\/moroccoinsightexcursions.com\/es\/excursion-camello-merzouga\/#primaryimage"},"image":{"@id":"https:\/\/moroccoinsightexcursions.com\/es\/excursion-camello-merzouga\/#primaryimage"},"thumbnailUrl":"https:\/\/moroccoinsightexcursions.com\/es\/wp-content\/uploads\/2021\/03\/Morocco-camel-trekking-trip.jpg","datePublished":"2021-02-26T12:22:09+00:00","dateModified":"2024-05-12T20:29:07+00:00","description":"Descubra excursi\u00f3n en camello en Merzouga. Viaje al coraz\u00f3n del desierto. Monte en camello para experimentar el estilo de vida n\u00f3mada","breadcrumb":{"@id":"https:\/\/moroccoinsightexcursions.com\/es\/excursion-camello-merzouga\/#breadcrumb"},"inLanguage":"es","potentialAction":[{"@type":"ReadAction","target":["https:\/\/moroccoinsightexcursions.com\/es\/excursion-camello-merzouga\/"]}]},{"@type":"ImageObject","inLanguage":"es","@id":"https:\/\/moroccoinsightexcursions.com\/es\/excursion-camello-merzouga\/#primaryimage","url":"https:\/\/moroccoinsightexcursions.com\/es\/wp-content\/uploads\/2021\/03\/Morocco-camel-trekking-trip.jpg","contentUrl":"https:\/\/moroccoinsightexcursions.com\/es\/wp-content\/uploads\/2021\/03\/Morocco-camel-trekking-trip.jpg","width":500,"height":321,"caption":"Excursiones en Camellos Merzouga"},{"@type":"BreadcrumbList","@id":"https:\/\/moroccoinsightexcursions.com\/es\/excursion-camello-merzouga\/#breadcrumb","itemListElement":[{"@type":"ListItem","position":1,"name":"Portada","item":"https:\/\/moroccoinsightexcursions.com\/es\/"},{"@type":"ListItem","position":2,"name":"Paseos en Camello"}]},{"@type":"WebSite","@id":"https:\/\/moroccoinsightexcursions.com\/es\/#website","url":"https:\/\/moroccoinsightexcursions.com\/es\/","name":"Morocco Insight Excursions","description":"Agencia de viajes en Marruecos","publisher":{"@id":"https:\/\/moroccoinsightexcursions.com\/es\/#organization"},"potentialAction":[{"@type":"SearchAction","target":{"@type":"EntryPoint","urlTemplate":"https:\/\/moroccoinsightexcursions.com\/es\/?s={search_term_string}"},"query-input":{"@type":"PropertyValueSpecification","valueRequired":true,"valueName":"search_term_string"}}],"inLanguage":"es"},{"@type":"Organization","@id":"https:\/\/moroccoinsightexcursions.com\/es\/#organization","name":"Morocco Insight Excursions","url":"https:\/\/moroccoinsightexcursions.com\/es\/","logo":{"@type":"ImageObject","inLanguage":"es","@id":"https:\/\/moroccoinsightexcursions.com\/es\/#\/schema\/logo\/image\/","url":"https:\/\/moroccoinsightexcursions.com\/es\/wp-content\/uploads\/2021\/02\/Morocco_Logo_Color.png","contentUrl":"https:\/\/moroccoinsightexcursions.com\/es\/wp-content\/uploads\/2021\/02\/Morocco_Logo_Color.png","width":2040,"height":1010,"caption":"Morocco Insight Excursions"},"image":{"@id":"https:\/\/moroccoinsightexcursions.com\/es\/#\/schema\/logo\/image\/"},"sameAs":["https:\/\/www.facebook.com\/moroccoinsightexcursions","https:\/\/x.com\/Web_Tours","https:\/\/www.instagram.com\/moroccoinsightexcursions\/","https:\/\/www.pinterest.com\/moroccoinsightexcursions\/"]}]}},"_links":{"self":[{"href":"https:\/\/moroccoinsightexcursions.com\/es\/wp-json\/wp\/v2\/pages\/155","targetHints":{"allow":["GET"]}}],"collection":[{"href":"https:\/\/moroccoinsightexcursions.com\/es\/wp-json\/wp\/v2\/pages"}],"about":[{"href":"https:\/\/moroccoinsightexcursions.com\/es\/wp-json\/wp\/v2\/types\/page"}],"author":[{"embeddable":true,"href":"https:\/\/moroccoinsightexcursions.com\/es\/wp-json\/wp\/v2\/users\/2"}],"replies":[{"embeddable":true,"href":"https:\/\/moroccoinsightexcursions.com\/es\/wp-json\/wp\/v2\/comments?post=155"}],"version-history":[{"count":85,"href":"https:\/\/moroccoinsightexcursions.com\/es\/wp-json\/wp\/v2\/pages\/155\/revisions"}],"predecessor-version":[{"id":4838,"href":"https:\/\/moroccoinsightexcursions.com\/es\/wp-json\/wp\/v2\/pages\/155\/revisions\/4838"}],"wp:featuredmedia":[{"embeddable":true,"href":"https:\/\/moroccoinsightexcursions.com\/es\/wp-json\/wp\/v2\/media\/506"}],"wp:attachment":[{"href":"https:\/\/moroccoinsightexcursions.com\/es\/wp-json\/wp\/v2\/media?parent=155"}],"curies":[{"name":"wp","href":"https:\/\/api.w.org\/{rel}","templated":true}]}}