{"id":162,"date":"2021-02-26T12:29:45","date_gmt":"2021-02-26T12:29:45","guid":{"rendered":"https:\/\/moroccoinsightexcursions.com\/es\/?page_id=162"},"modified":"2024-05-11T20:16:23","modified_gmt":"2024-05-11T20:16:23","slug":"reservar-viajes-en-marruecos","status":"publish","type":"page","link":"https:\/\/moroccoinsightexcursions.com\/es\/reservar-viajes-en-marruecos\/","title":{"rendered":"Contacto"},"content":{"rendered":"\t\t<div data-elementor-type=\"wp-page\" data-elementor-id=\"162\" class=\"elementor elementor-162\">\n\t\t\t\t\t\t<section class=\"elementor-section elementor-top-section elementor-element elementor-element-775a82ab elementor-section-boxed elementor-section-height-default elementor-section-height-default\" data-id=\"775a82ab\" data-element_type=\"section\" data-e-type=\"section\" data-settings=\"{&quot;background_background&quot;:&quot;classic&quot;}\">\n\t\t\t\t\t\t<div class=\"elementor-container elementor-column-gap-default\">\n\t\t\t\t\t<div class=\"elementor-column elementor-col-100 elementor-top-column elementor-element elementor-element-45e0512c\" data-id=\"45e0512c\" data-element_type=\"column\" data-e-type=\"column\">\n\t\t\t<div class=\"elementor-widget-wrap elementor-element-populated\">\n\t\t\t\t\t\t<div class=\"elementor-element elementor-element-29dc4a95 elementor-widget elementor-widget-heading\" data-id=\"29dc4a95\" data-element_type=\"widget\" data-e-type=\"widget\" data-widget_type=\"heading.default\">\n\t\t\t\t<div class=\"elementor-widget-container\">\n\t\t\t\t\t<h1 class=\"elementor-heading-title elementor-size-large\">Contacto con nosotros<\/h1>\t\t\t\t<\/div>\n\t\t\t\t<\/div>\n\t\t\t\t\t<\/div>\n\t\t<\/div>\n\t\t\t\t\t<\/div>\n\t\t<\/section>\n\t\t\t\t<section class=\"elementor-section elementor-top-section elementor-element elementor-element-71b43951 elementor-section-boxed elementor-section-height-default elementor-section-height-default\" data-id=\"71b43951\" data-element_type=\"section\" data-e-type=\"section\" data-settings=\"{&quot;background_background&quot;:&quot;gradient&quot;}\">\n\t\t\t\t\t\t<div class=\"elementor-container elementor-column-gap-default\">\n\t\t\t\t\t<div class=\"elementor-column elementor-col-100 elementor-top-column elementor-element elementor-element-1d459943\" data-id=\"1d459943\" data-element_type=\"column\" data-e-type=\"column\">\n\t\t\t<div class=\"elementor-widget-wrap elementor-element-populated\">\n\t\t\t\t\t\t<div class=\"elementor-element elementor-element-15acf6b elementor-widget elementor-widget-heading\" data-id=\"15acf6b\" data-element_type=\"widget\" data-e-type=\"widget\" data-widget_type=\"heading.default\">\n\t\t\t\t<div class=\"elementor-widget-container\">\n\t\t\t\t\t<h2 class=\"elementor-heading-title elementor-size-default\">Reservar Viajes en Marruecos<\/h2>\t\t\t\t<\/div>\n\t\t\t\t<\/div>\n\t\t\t\t<div class=\"elementor-element elementor-element-22d46e94 elementor-widget elementor-widget-text-editor\" data-id=\"22d46e94\" data-element_type=\"widget\" data-e-type=\"widget\" data-widget_type=\"text-editor.default\">\n\t\t\t\t<div class=\"elementor-widget-container\">\n\t\t\t\t\t\t\t\t\t<p>\u00bfBusca un viaje de vacaciones a Marruecos? \u00a1Ha llegado al camino correcto! Somos sus expertos locales en Marruecos. Puede reservar f\u00e1cilmente viajes en Marruecos para sus futuras vacaciones en este pa\u00eds. Para ello, s\u00f3lo tiene que indicarnos qu\u00e9 experiencias desea vivir. Nuestro equipo de profesionales experimentados est\u00e1 preparado para ayudarle a elegir, modificar y gestionar su programa tur\u00edstico. Tambi\u00e9n le asistir\u00e1n durante su visita a Marruecos. Estaremos encantados de hacer que su aventura en Marruecos sea inolvidable y memorable.<\/p><p>Por favor, facil\u00edtenos toda la informaci\u00f3n posible. Responderemos puntualmente a su solicitud con los detalles e informaci\u00f3n que necesite. Somos especialistas en reservar viajes en Marruecos y <a href=\"https:\/\/moroccoinsightexcursions.com\/es\/\">actividades en el desierto<\/a> para turistas. Adem\u00e1s, nos preocupamos por sus viajes a Marruecos y queremos que experimente lo mejor de su viaje.<\/p>\t\t\t\t\t\t\t\t<\/div>\n\t\t\t\t<\/div>\n\t\t\t\t<div class=\"elementor-element elementor-element-437e425 elementor-widget elementor-widget-wpforms\" data-id=\"437e425\" data-element_type=\"widget\" data-e-type=\"widget\" data-widget_type=\"wpforms.default\">\n\t\t\t\t<div class=\"elementor-widget-container\">\n\t\t\t\t\t<div class=\"wpforms-container wpforms-container-full\" id=\"wpforms-3290\"><form id=\"wpforms-form-3290\" class=\"wpforms-validate wpforms-form wpforms-ajax-form\" data-formid=\"3290\" method=\"post\" enctype=\"multipart\/form-data\" action=\"\/es\/wp-json\/wp\/v2\/pages\/162\" data-token=\"ee75aee4ba8654e7da948a413ddcf5b7\" data-token-time=\"1775540485\"><noscript class=\"wpforms-error-noscript\">Por favor, activa JavaScript en tu navegador para completar este formulario.<\/noscript><div class=\"wpforms-field-container\"><div id=\"wpforms-3290-field_0-container\" class=\"wpforms-field wpforms-field-name\" data-field-id=\"0\"><label class=\"wpforms-field-label\" for=\"wpforms-3290-field_0\">nombre y apellidos <span class=\"wpforms-required-label\">*<\/span><\/label><input type=\"text\" id=\"wpforms-3290-field_0\" class=\"wpforms-field-medium wpforms-field-required\" name=\"wpforms[fields][0]\" required><\/div><div id=\"wpforms-3290-field_1-container\" class=\"wpforms-field wpforms-field-email\" data-field-id=\"1\"><label class=\"wpforms-field-label\" for=\"wpforms-3290-field_1\">Email <span class=\"wpforms-required-label\">*<\/span><\/label><input type=\"email\" id=\"wpforms-3290-field_1\" class=\"wpforms-field-medium wpforms-field-required\" name=\"wpforms[fields][1]\" spellcheck=\"false\" required><\/div><div id=\"wpforms-3290-field_7-container\" class=\"wpforms-field wpforms-field-number\" data-field-id=\"7\"><label class=\"wpforms-field-label\" for=\"wpforms-3290-field_7\">N\u00famero de viajeros <span class=\"wpforms-required-label\">*<\/span><\/label><input type=\"number\" id=\"wpforms-3290-field_7\" class=\"wpforms-field-medium wpforms-field-required\" name=\"wpforms[fields][7]\" step=\"any\" required><\/div><div id=\"wpforms-3290-field_3-container\" class=\"wpforms-field wpforms-field-radio\" data-field-id=\"3\"><label class=\"wpforms-field-label\">Nivel de presupuesto<\/label><ul id=\"wpforms-3290-field_3\"><li class=\"choice-1 depth-1\"><input type=\"radio\" id=\"wpforms-3290-field_3_1\" name=\"wpforms[fields][3]\" value=\"Confort cl\u00e1sico\"  ><label class=\"wpforms-field-label-inline\" for=\"wpforms-3290-field_3_1\">Confort cl\u00e1sico<\/label><\/li><li class=\"choice-2 depth-1\"><input type=\"radio\" id=\"wpforms-3290-field_3_2\" name=\"wpforms[fields][3]\" value=\"Lujo asequible (recomendado)\"  ><label class=\"wpforms-field-label-inline\" for=\"wpforms-3290-field_3_2\">Lujo asequible (recomendado)<\/label><\/li><li class=\"choice-3 depth-1\"><input type=\"radio\" id=\"wpforms-3290-field_3_3\" name=\"wpforms[fields][3]\" value=\"Lujo\"  ><label class=\"wpforms-field-label-inline\" for=\"wpforms-3290-field_3_3\">Lujo<\/label><\/li><\/ul><\/div><div id=\"wpforms-3290-field_4-container\" class=\"wpforms-field wpforms-field-text\" data-field-id=\"4\"><label class=\"wpforms-field-label\" for=\"wpforms-3290-field_4\">Sujeto<\/label><input type=\"text\" id=\"wpforms-3290-field_4\" class=\"wpforms-field-medium\" name=\"wpforms[fields][4]\" ><\/div><div id=\"wpforms-3290-field_2-container\" class=\"wpforms-field wpforms-field-textarea\" data-field-id=\"2\"><label class=\"wpforms-field-label\" for=\"wpforms-3290-field_2\">Mensaje <span class=\"wpforms-required-label\">*<\/span><\/label><textarea id=\"wpforms-3290-field_2\" class=\"wpforms-field-medium wpforms-field-required\" name=\"wpforms[fields][2]\" required><\/textarea><\/div><\/div><!-- .wpforms-field-container --><div class=\"wpforms-recaptcha-container wpforms-is-recaptcha wpforms-is-recaptcha-type-v3\" ><input type=\"hidden\" name=\"wpforms[recaptcha]\" value=\"\"><\/div><div class=\"wpforms-submit-container\" ><input type=\"hidden\" name=\"wpforms[id]\" value=\"3290\"><input type=\"hidden\" name=\"page_title\" value=\"\"><input type=\"hidden\" name=\"page_url\" value=\"https:\/\/moroccoinsightexcursions.com\/es\/wp-json\/wp\/v2\/pages\/162\"><input type=\"hidden\" name=\"url_referer\" value=\"\"><button type=\"submit\" name=\"wpforms[submit]\" id=\"wpforms-submit-3290\" class=\"wpforms-submit\" data-alt-text=\"Enviando...\" data-submit-text=\"Enviar\" aria-live=\"assertive\" value=\"wpforms-submit\">Enviar<\/button><img decoding=\"async\" src=\"https:\/\/moroccoinsightexcursions.com\/es\/wp-content\/plugins\/wpforms-lite\/assets\/images\/submit-spin.svg\" class=\"wpforms-submit-spinner\" style=\"display: none;\" width=\"26\" height=\"26\" alt=\"Cargando\"><\/div><\/form><\/div>  <!-- .wpforms-container -->\t\t\t\t<\/div>\n\t\t\t\t<\/div>\n\t\t\t\t<div class=\"elementor-element elementor-element-25c00c18 elementor-icon-list--layout-traditional elementor-list-item-link-full_width elementor-widget elementor-widget-icon-list\" data-id=\"25c00c18\" data-element_type=\"widget\" data-e-type=\"widget\" data-widget_type=\"icon-list.default\">\n\t\t\t\t<div class=\"elementor-widget-container\">\n\t\t\t\t\t\t\t<ul class=\"elementor-icon-list-items\">\n\t\t\t\t\t\t\t<li class=\"elementor-icon-list-item\">\n\t\t\t\t\t\t\t\t\t\t\t<span class=\"elementor-icon-list-icon\">\n\t\t\t\t\t\t\t\t\t\t\t\t\t\t\t\t<i class=\"fa fa-phone\" aria-hidden=\"true\"><\/i>\n\t\t\t\t\t\t\t\t\t\t\t\t\t<\/span>\n\t\t\t\t\t\t\t\t\t\t<span class=\"elementor-icon-list-text\">+ 212673522856 (WhatsApp)<\/span>\n\t\t\t\t\t\t\t\t\t<\/li>\n\t\t\t\t\t\t\t\t<li class=\"elementor-icon-list-item\">\n\t\t\t\t\t\t\t\t\t\t\t<span class=\"elementor-icon-list-icon\">\n\t\t\t\t\t\t\t\t\t\t\t\t\t\t\t\t<i class=\"fa fa-envelope\" aria-hidden=\"true\"><\/i>\n\t\t\t\t\t\t\t\t\t\t\t\t\t<\/span>\n\t\t\t\t\t\t\t\t\t\t<span class=\"elementor-icon-list-text\">moroccoinsightexcursions@gmail.com<\/span>\n\t\t\t\t\t\t\t\t\t<\/li>\n\t\t\t\t\t\t<\/ul>\n\t\t\t\t\t\t<\/div>\n\t\t\t\t<\/div>\n\t\t\t\t<div class=\"elementor-element elementor-element-727acdc8 elementor-shape-rounded elementor-grid-0 e-grid-align-center elementor-widget elementor-widget-social-icons\" data-id=\"727acdc8\" data-element_type=\"widget\" data-e-type=\"widget\" data-widget_type=\"social-icons.default\">\n\t\t\t\t<div class=\"elementor-widget-container\">\n\t\t\t\t\t\t\t<div class=\"elementor-social-icons-wrapper elementor-grid\" role=\"list\">\n\t\t\t\t\t\t\t<span class=\"elementor-grid-item\" role=\"listitem\">\n\t\t\t\t\t<a class=\"elementor-icon elementor-social-icon elementor-social-icon-facebook elementor-animation-grow elementor-repeater-item-9c86cde\" href=\"https:\/\/www.facebook.com\/moroccoinsightexcursions\" target=\"_blank\">\n\t\t\t\t\t\t<span class=\"elementor-screen-only\">Facebook<\/span>\n\t\t\t\t\t\t\t\t\t\t\t\t\t<i class=\"fa fa-facebook\" aria-hidden=\"true\"><\/i>\n\t\t\t\t\t\t\t\t\t\t\t<\/a>\n\t\t\t\t<\/span>\n\t\t\t\t\t\t\t<span class=\"elementor-grid-item\" role=\"listitem\">\n\t\t\t\t\t<a class=\"elementor-icon elementor-social-icon elementor-social-icon-twitter elementor-animation-grow elementor-repeater-item-7f0e5c7\" href=\"https:\/\/twitter.com\/Web_Tours\" target=\"_blank\">\n\t\t\t\t\t\t<span class=\"elementor-screen-only\">Twitter<\/span>\n\t\t\t\t\t\t\t\t\t\t\t\t\t<i class=\"fa fa-twitter\" aria-hidden=\"true\"><\/i>\n\t\t\t\t\t\t\t\t\t\t\t<\/a>\n\t\t\t\t<\/span>\n\t\t\t\t\t\t\t<span class=\"elementor-grid-item\" role=\"listitem\">\n\t\t\t\t\t<a class=\"elementor-icon elementor-social-icon elementor-social-icon-instagram elementor-animation-grow elementor-repeater-item-7b9d1bc\" href=\"https:\/\/www.instagram.com\/moroccoinsightexcursions\/\" target=\"_blank\">\n\t\t\t\t\t\t<span class=\"elementor-screen-only\">Instagram<\/span>\n\t\t\t\t\t\t\t\t\t\t\t\t\t<i class=\"fa fa-instagram\" aria-hidden=\"true\"><\/i>\n\t\t\t\t\t\t\t\t\t\t\t<\/a>\n\t\t\t\t<\/span>\n\t\t\t\t\t\t\t<span class=\"elementor-grid-item\" role=\"listitem\">\n\t\t\t\t\t<a class=\"elementor-icon elementor-social-icon elementor-social-icon-pinterest elementor-animation-grow elementor-repeater-item-6b9a598\" href=\"https:\/\/www.pinterest.com\/moroccoinsightexcursions\/\" target=\"_blank\">\n\t\t\t\t\t\t<span class=\"elementor-screen-only\">Pinterest<\/span>\n\t\t\t\t\t\t\t\t\t\t\t\t\t<i class=\"fa fa-pinterest\" aria-hidden=\"true\"><\/i>\n\t\t\t\t\t\t\t\t\t\t\t<\/a>\n\t\t\t\t<\/span>\n\t\t\t\t\t<\/div>\n\t\t\t\t\t\t<\/div>\n\t\t\t\t<\/div>\n\t\t\t\t\t<\/div>\n\t\t<\/div>\n\t\t\t\t\t<\/div>\n\t\t<\/section>\n\t\t\t\t<\/div>\n\t\t","protected":false},"excerpt":{"rendered":"<p>Contacto con nosotros Reservar Viajes en Marruecos \u00bfBusca un viaje de vacaciones a Marruecos? \u00a1Ha llegado al camino correcto! Somos sus expertos locales en Marruecos. Puede reservar f\u00e1cilmente viajes en Marruecos para sus futuras vacaciones en este pa\u00eds. Para ello, &hellip; <a href=\"https:\/\/moroccoinsightexcursions.com\/es\/reservar-viajes-en-marruecos\/\">Read More<\/a><\/p>\n","protected":false},"author":2,"featured_media":4534,"parent":0,"menu_order":0,"comment_status":"closed","ping_status":"closed","template":"","meta":{"_joinchat":[],"footnotes":""},"class_list":["post-162","page","type-page","status-publish","has-post-thumbnail","hentry"],"yoast_head":"<!-- This site is optimized with the Yoast SEO plugin v27.3 - https:\/\/yoast.com\/product\/yoast-seo-wordpress\/ -->\n<title>Reservar viajes en Marruecos al desierto - Morocco Insight Excursions<\/title>\n<meta name=\"description\" content=\"Reservar viajes a Marruecos para experimentar las excursiones por el desierto, los paseos en camello y descubrir las ciudades imperiales.\" \/>\n<meta name=\"robots\" content=\"index, follow, max-snippet:-1, max-image-preview:large, max-video-preview:-1\" \/>\n<link rel=\"canonical\" href=\"https:\/\/moroccoinsightexcursions.com\/es\/reservar-viajes-en-marruecos\/\" \/>\n<meta property=\"og:locale\" content=\"es_ES\" \/>\n<meta property=\"og:type\" content=\"article\" \/>\n<meta property=\"og:title\" content=\"Reservar viajes en Marruecos al desierto - Morocco Insight Excursions\" \/>\n<meta property=\"og:description\" content=\"Reservar viajes a Marruecos para experimentar las excursiones por el desierto, los paseos en camello y descubrir las ciudades imperiales.\" \/>\n<meta property=\"og:url\" content=\"https:\/\/moroccoinsightexcursions.com\/es\/reservar-viajes-en-marruecos\/\" \/>\n<meta property=\"og:site_name\" content=\"Morocco Insight Excursions\" \/>\n<meta property=\"article:publisher\" content=\"https:\/\/www.facebook.com\/moroccoinsightexcursions\" \/>\n<meta property=\"article:modified_time\" content=\"2024-05-11T20:16:23+00:00\" \/>\n<meta property=\"og:image\" content=\"https:\/\/moroccoinsightexcursions.com\/es\/wp-content\/uploads\/2023\/08\/Reservar-viajes-a-Marruecos.jpg\" \/>\n\t<meta property=\"og:image:width\" content=\"799\" \/>\n\t<meta property=\"og:image:height\" content=\"533\" \/>\n\t<meta property=\"og:image:type\" content=\"image\/jpeg\" \/>\n<meta name=\"twitter:card\" content=\"summary_large_image\" \/>\n<meta name=\"twitter:site\" content=\"@Web_Tours\" \/>\n<meta name=\"twitter:label1\" content=\"Tiempo de lectura\" \/>\n\t<meta name=\"twitter:data1\" content=\"1 minuto\" \/>\n<script type=\"application\/ld+json\" class=\"yoast-schema-graph\">{\"@context\":\"https:\\\/\\\/schema.org\",\"@graph\":[{\"@type\":\"WebPage\",\"@id\":\"https:\\\/\\\/moroccoinsightexcursions.com\\\/es\\\/reservar-viajes-en-marruecos\\\/\",\"url\":\"https:\\\/\\\/moroccoinsightexcursions.com\\\/es\\\/reservar-viajes-en-marruecos\\\/\",\"name\":\"Reservar viajes en Marruecos al desierto - Morocco Insight Excursions\",\"isPartOf\":{\"@id\":\"https:\\\/\\\/moroccoinsightexcursions.com\\\/es\\\/#website\"},\"primaryImageOfPage\":{\"@id\":\"https:\\\/\\\/moroccoinsightexcursions.com\\\/es\\\/reservar-viajes-en-marruecos\\\/#primaryimage\"},\"image\":{\"@id\":\"https:\\\/\\\/moroccoinsightexcursions.com\\\/es\\\/reservar-viajes-en-marruecos\\\/#primaryimage\"},\"thumbnailUrl\":\"https:\\\/\\\/moroccoinsightexcursions.com\\\/es\\\/wp-content\\\/uploads\\\/2023\\\/08\\\/Reservar-viajes-a-Marruecos.jpg\",\"datePublished\":\"2021-02-26T12:29:45+00:00\",\"dateModified\":\"2024-05-11T20:16:23+00:00\",\"description\":\"Reservar viajes a Marruecos para experimentar las excursiones por el desierto, los paseos en camello y descubrir las ciudades imperiales.\",\"breadcrumb\":{\"@id\":\"https:\\\/\\\/moroccoinsightexcursions.com\\\/es\\\/reservar-viajes-en-marruecos\\\/#breadcrumb\"},\"inLanguage\":\"es\",\"potentialAction\":[{\"@type\":\"ReadAction\",\"target\":[\"https:\\\/\\\/moroccoinsightexcursions.com\\\/es\\\/reservar-viajes-en-marruecos\\\/\"]}]},{\"@type\":\"ImageObject\",\"inLanguage\":\"es\",\"@id\":\"https:\\\/\\\/moroccoinsightexcursions.com\\\/es\\\/reservar-viajes-en-marruecos\\\/#primaryimage\",\"url\":\"https:\\\/\\\/moroccoinsightexcursions.com\\\/es\\\/wp-content\\\/uploads\\\/2023\\\/08\\\/Reservar-viajes-a-Marruecos.jpg\",\"contentUrl\":\"https:\\\/\\\/moroccoinsightexcursions.com\\\/es\\\/wp-content\\\/uploads\\\/2023\\\/08\\\/Reservar-viajes-a-Marruecos.jpg\",\"width\":799,\"height\":533,\"caption\":\"Reservar viajes a Marruecos\"},{\"@type\":\"BreadcrumbList\",\"@id\":\"https:\\\/\\\/moroccoinsightexcursions.com\\\/es\\\/reservar-viajes-en-marruecos\\\/#breadcrumb\",\"itemListElement\":[{\"@type\":\"ListItem\",\"position\":1,\"name\":\"Portada\",\"item\":\"https:\\\/\\\/moroccoinsightexcursions.com\\\/es\\\/\"},{\"@type\":\"ListItem\",\"position\":2,\"name\":\"Contacto\"}]},{\"@type\":\"WebSite\",\"@id\":\"https:\\\/\\\/moroccoinsightexcursions.com\\\/es\\\/#website\",\"url\":\"https:\\\/\\\/moroccoinsightexcursions.com\\\/es\\\/\",\"name\":\"Morocco Insight Excursions\",\"description\":\"Agencia de viajes en Marruecos\",\"publisher\":{\"@id\":\"https:\\\/\\\/moroccoinsightexcursions.com\\\/es\\\/#organization\"},\"potentialAction\":[{\"@type\":\"SearchAction\",\"target\":{\"@type\":\"EntryPoint\",\"urlTemplate\":\"https:\\\/\\\/moroccoinsightexcursions.com\\\/es\\\/?s={search_term_string}\"},\"query-input\":{\"@type\":\"PropertyValueSpecification\",\"valueRequired\":true,\"valueName\":\"search_term_string\"}}],\"inLanguage\":\"es\"},{\"@type\":\"Organization\",\"@id\":\"https:\\\/\\\/moroccoinsightexcursions.com\\\/es\\\/#organization\",\"name\":\"Morocco Insight Excursions\",\"url\":\"https:\\\/\\\/moroccoinsightexcursions.com\\\/es\\\/\",\"logo\":{\"@type\":\"ImageObject\",\"inLanguage\":\"es\",\"@id\":\"https:\\\/\\\/moroccoinsightexcursions.com\\\/es\\\/#\\\/schema\\\/logo\\\/image\\\/\",\"url\":\"https:\\\/\\\/moroccoinsightexcursions.com\\\/es\\\/wp-content\\\/uploads\\\/2021\\\/02\\\/Morocco_Logo_Color.png\",\"contentUrl\":\"https:\\\/\\\/moroccoinsightexcursions.com\\\/es\\\/wp-content\\\/uploads\\\/2021\\\/02\\\/Morocco_Logo_Color.png\",\"width\":2040,\"height\":1010,\"caption\":\"Morocco Insight Excursions\"},\"image\":{\"@id\":\"https:\\\/\\\/moroccoinsightexcursions.com\\\/es\\\/#\\\/schema\\\/logo\\\/image\\\/\"},\"sameAs\":[\"https:\\\/\\\/www.facebook.com\\\/moroccoinsightexcursions\",\"https:\\\/\\\/x.com\\\/Web_Tours\",\"https:\\\/\\\/www.instagram.com\\\/moroccoinsightexcursions\\\/\",\"https:\\\/\\\/www.pinterest.com\\\/moroccoinsightexcursions\\\/\"]}]}<\/script>\n<!-- \/ Yoast SEO plugin. -->","yoast_head_json":{"title":"Reservar viajes en Marruecos al desierto - Morocco Insight Excursions","description":"Reservar viajes a Marruecos para experimentar las excursiones por el desierto, los paseos en camello y descubrir las ciudades imperiales.","robots":{"index":"index","follow":"follow","max-snippet":"max-snippet:-1","max-image-preview":"max-image-preview:large","max-video-preview":"max-video-preview:-1"},"canonical":"https:\/\/moroccoinsightexcursions.com\/es\/reservar-viajes-en-marruecos\/","og_locale":"es_ES","og_type":"article","og_title":"Reservar viajes en Marruecos al desierto - Morocco Insight Excursions","og_description":"Reservar viajes a Marruecos para experimentar las excursiones por el desierto, los paseos en camello y descubrir las ciudades imperiales.","og_url":"https:\/\/moroccoinsightexcursions.com\/es\/reservar-viajes-en-marruecos\/","og_site_name":"Morocco Insight Excursions","article_publisher":"https:\/\/www.facebook.com\/moroccoinsightexcursions","article_modified_time":"2024-05-11T20:16:23+00:00","og_image":[{"width":799,"height":533,"url":"https:\/\/moroccoinsightexcursions.com\/es\/wp-content\/uploads\/2023\/08\/Reservar-viajes-a-Marruecos.jpg","type":"image\/jpeg"}],"twitter_card":"summary_large_image","twitter_site":"@Web_Tours","twitter_misc":{"Tiempo de lectura":"1 minuto"},"schema":{"@context":"https:\/\/schema.org","@graph":[{"@type":"WebPage","@id":"https:\/\/moroccoinsightexcursions.com\/es\/reservar-viajes-en-marruecos\/","url":"https:\/\/moroccoinsightexcursions.com\/es\/reservar-viajes-en-marruecos\/","name":"Reservar viajes en Marruecos al desierto - Morocco Insight Excursions","isPartOf":{"@id":"https:\/\/moroccoinsightexcursions.com\/es\/#website"},"primaryImageOfPage":{"@id":"https:\/\/moroccoinsightexcursions.com\/es\/reservar-viajes-en-marruecos\/#primaryimage"},"image":{"@id":"https:\/\/moroccoinsightexcursions.com\/es\/reservar-viajes-en-marruecos\/#primaryimage"},"thumbnailUrl":"https:\/\/moroccoinsightexcursions.com\/es\/wp-content\/uploads\/2023\/08\/Reservar-viajes-a-Marruecos.jpg","datePublished":"2021-02-26T12:29:45+00:00","dateModified":"2024-05-11T20:16:23+00:00","description":"Reservar viajes a Marruecos para experimentar las excursiones por el desierto, los paseos en camello y descubrir las ciudades imperiales.","breadcrumb":{"@id":"https:\/\/moroccoinsightexcursions.com\/es\/reservar-viajes-en-marruecos\/#breadcrumb"},"inLanguage":"es","potentialAction":[{"@type":"ReadAction","target":["https:\/\/moroccoinsightexcursions.com\/es\/reservar-viajes-en-marruecos\/"]}]},{"@type":"ImageObject","inLanguage":"es","@id":"https:\/\/moroccoinsightexcursions.com\/es\/reservar-viajes-en-marruecos\/#primaryimage","url":"https:\/\/moroccoinsightexcursions.com\/es\/wp-content\/uploads\/2023\/08\/Reservar-viajes-a-Marruecos.jpg","contentUrl":"https:\/\/moroccoinsightexcursions.com\/es\/wp-content\/uploads\/2023\/08\/Reservar-viajes-a-Marruecos.jpg","width":799,"height":533,"caption":"Reservar viajes a Marruecos"},{"@type":"BreadcrumbList","@id":"https:\/\/moroccoinsightexcursions.com\/es\/reservar-viajes-en-marruecos\/#breadcrumb","itemListElement":[{"@type":"ListItem","position":1,"name":"Portada","item":"https:\/\/moroccoinsightexcursions.com\/es\/"},{"@type":"ListItem","position":2,"name":"Contacto"}]},{"@type":"WebSite","@id":"https:\/\/moroccoinsightexcursions.com\/es\/#website","url":"https:\/\/moroccoinsightexcursions.com\/es\/","name":"Morocco Insight Excursions","description":"Agencia de viajes en Marruecos","publisher":{"@id":"https:\/\/moroccoinsightexcursions.com\/es\/#organization"},"potentialAction":[{"@type":"SearchAction","target":{"@type":"EntryPoint","urlTemplate":"https:\/\/moroccoinsightexcursions.com\/es\/?s={search_term_string}"},"query-input":{"@type":"PropertyValueSpecification","valueRequired":true,"valueName":"search_term_string"}}],"inLanguage":"es"},{"@type":"Organization","@id":"https:\/\/moroccoinsightexcursions.com\/es\/#organization","name":"Morocco Insight Excursions","url":"https:\/\/moroccoinsightexcursions.com\/es\/","logo":{"@type":"ImageObject","inLanguage":"es","@id":"https:\/\/moroccoinsightexcursions.com\/es\/#\/schema\/logo\/image\/","url":"https:\/\/moroccoinsightexcursions.com\/es\/wp-content\/uploads\/2021\/02\/Morocco_Logo_Color.png","contentUrl":"https:\/\/moroccoinsightexcursions.com\/es\/wp-content\/uploads\/2021\/02\/Morocco_Logo_Color.png","width":2040,"height":1010,"caption":"Morocco Insight Excursions"},"image":{"@id":"https:\/\/moroccoinsightexcursions.com\/es\/#\/schema\/logo\/image\/"},"sameAs":["https:\/\/www.facebook.com\/moroccoinsightexcursions","https:\/\/x.com\/Web_Tours","https:\/\/www.instagram.com\/moroccoinsightexcursions\/","https:\/\/www.pinterest.com\/moroccoinsightexcursions\/"]}]}},"_links":{"self":[{"href":"https:\/\/moroccoinsightexcursions.com\/es\/wp-json\/wp\/v2\/pages\/162","targetHints":{"allow":["GET"]}}],"collection":[{"href":"https:\/\/moroccoinsightexcursions.com\/es\/wp-json\/wp\/v2\/pages"}],"about":[{"href":"https:\/\/moroccoinsightexcursions.com\/es\/wp-json\/wp\/v2\/types\/page"}],"author":[{"embeddable":true,"href":"https:\/\/moroccoinsightexcursions.com\/es\/wp-json\/wp\/v2\/users\/2"}],"replies":[{"embeddable":true,"href":"https:\/\/moroccoinsightexcursions.com\/es\/wp-json\/wp\/v2\/comments?post=162"}],"version-history":[{"count":92,"href":"https:\/\/moroccoinsightexcursions.com\/es\/wp-json\/wp\/v2\/pages\/162\/revisions"}],"predecessor-version":[{"id":4822,"href":"https:\/\/moroccoinsightexcursions.com\/es\/wp-json\/wp\/v2\/pages\/162\/revisions\/4822"}],"wp:featuredmedia":[{"embeddable":true,"href":"https:\/\/moroccoinsightexcursions.com\/es\/wp-json\/wp\/v2\/media\/4534"}],"wp:attachment":[{"href":"https:\/\/moroccoinsightexcursions.com\/es\/wp-json\/wp\/v2\/media?parent=162"}],"curies":[{"name":"wp","href":"https:\/\/api.w.org\/{rel}","templated":true}]}}