{"id":3356,"date":"2021-10-25T11:06:12","date_gmt":"2021-10-25T11:06:12","guid":{"rendered":"https:\/\/moroccoinsightexcursions.com\/es\/?page_id=3356"},"modified":"2022-11-21T16:33:52","modified_gmt":"2022-11-21T16:33:52","slug":"viajes-a-agadir-excursiones-desde-agadir","status":"publish","type":"page","link":"https:\/\/moroccoinsightexcursions.com\/es\/viajes-a-agadir-excursiones-desde-agadir\/","title":{"rendered":"Viajes a Agadir &#038; Excursiones desde Agadir"},"content":{"rendered":"\t\t<div data-elementor-type=\"wp-page\" data-elementor-id=\"3356\" class=\"elementor elementor-3356\">\n\t\t\t\t\t\t<section class=\"elementor-section elementor-top-section elementor-element elementor-element-3ca833a9 elementor-section-height-min-height elementor-section-stretched elementor-section-full_width elementor-section-height-default elementor-section-items-middle\" data-id=\"3ca833a9\" data-element_type=\"section\" data-e-type=\"section\" data-settings=\"{&quot;background_background&quot;:&quot;classic&quot;,&quot;stretch_section&quot;:&quot;section-stretched&quot;}\">\n\t\t\t\t\t\t\t<div class=\"elementor-background-overlay\"><\/div>\n\t\t\t\t\t\t\t<div class=\"elementor-container elementor-column-gap-no\">\n\t\t\t\t\t<div class=\"elementor-column elementor-col-100 elementor-top-column elementor-element elementor-element-11630fb5\" data-id=\"11630fb5\" data-element_type=\"column\" data-e-type=\"column\">\n\t\t\t<div class=\"elementor-widget-wrap\">\n\t\t\t\t\t\t\t<\/div>\n\t\t<\/div>\n\t\t\t\t\t<\/div>\n\t\t<\/section>\n\t\t\t\t<section class=\"elementor-section elementor-top-section elementor-element elementor-element-17b6896c elementor-section-stretched elementor-section-boxed elementor-section-height-default elementor-section-height-default\" data-id=\"17b6896c\" data-element_type=\"section\" data-e-type=\"section\" data-settings=\"{&quot;background_background&quot;:&quot;gradient&quot;,&quot;stretch_section&quot;:&quot;section-stretched&quot;}\">\n\t\t\t\t\t\t<div class=\"elementor-container elementor-column-gap-default\">\n\t\t\t\t\t<div class=\"elementor-column elementor-col-100 elementor-top-column elementor-element elementor-element-4557bdf\" data-id=\"4557bdf\" data-element_type=\"column\" data-e-type=\"column\">\n\t\t\t<div class=\"elementor-widget-wrap elementor-element-populated\">\n\t\t\t\t\t\t<div class=\"elementor-element elementor-element-4f5de6a2 elementor-widget elementor-widget-heading\" data-id=\"4f5de6a2\" data-element_type=\"widget\" data-e-type=\"widget\" data-widget_type=\"heading.default\">\n\t\t\t\t<div class=\"elementor-widget-container\">\n\t\t\t\t\t<h1 class=\"elementor-heading-title elementor-size-default\">Viajes a Agadir<\/h1>\t\t\t\t<\/div>\n\t\t\t\t<\/div>\n\t\t\t\t<div class=\"elementor-element elementor-element-4a9e8b27 elementor-widget elementor-widget-text-editor\" data-id=\"4a9e8b27\" data-element_type=\"widget\" data-e-type=\"widget\" data-widget_type=\"text-editor.default\">\n\t\t\t\t<div class=\"elementor-widget-container\">\n\t\t\t\t\t\t\t\t\t<p><strong>Acerca de los Viajes desde Agadir<\/strong><\/p><p>Agadir es una ciudad situada en la costa atl\u00e1ntica de Marruecos, al pie de las monta\u00f1as del Anti-Atlas. Se eleva unos 56 metros sobre el nivel del mar y es la capital de la regi\u00f3n de Souss-Massa. Adem\u00e1s, la ciudad disfruta de unos 340 d\u00edas de sol al a\u00f1o y su clima es c\u00e1lido y templado. En julio y agosto, la temperatura diurna es de 27 grados.<\/p><p>En los viajes a Agadir, podr\u00e1 explorar muchas atracciones tur\u00edsticas.<br \/>La ciudad es famosa por sus interminables playas, sus campos de golf y sus numerosos restaurantes de pescado. Hay un campo de golf de 18 hoyos. Muchos hoteles tienen pistas de tenis y piscinas. Se organizan carreras de caballos y camellos para los turistas. Adem\u00e1s, la ciudad cuenta con uno de los mayores puertos pesqueros de Marruecos que no descansa ni de d\u00eda ni de noche. Se pueden encontrar sardinas, lubinas, at\u00fan, gambas, langostas, etc.\u00a0<\/p><p>La principal atracci\u00f3n que podr\u00e1 disfrutar en sus viajes a Agadir es su famosa playa. Es limpia, amplia y arenosa, con un fondo poco profundo que desemboca en el oc\u00e9ano. Por ello, turistas de toda Europa acuden a Agadir durante todo el a\u00f1o. Con la fresca brisa del oc\u00e9ano y las frescas corrientes, la temperatura nunca subir\u00e1. Adem\u00e1s, se puede admirar la arquitectura moderna de Agadir por toda la ciudad, pasando por el Museo del Patrimonio Bereber o la Medina.<\/p>\t\t\t\t\t\t\t\t<\/div>\n\t\t\t\t<\/div>\n\t\t\t\t<div class=\"elementor-element elementor-element-45cc8eb8 elementor-widget elementor-widget-heading\" data-id=\"45cc8eb8\" data-element_type=\"widget\" data-e-type=\"widget\" data-widget_type=\"heading.default\">\n\t\t\t\t<div class=\"elementor-widget-container\">\n\t\t\t\t\t<h2 class=\"elementor-heading-title elementor-size-default\">Excursiones \/ Viajes desde Agadir:<\/h2>\t\t\t\t<\/div>\n\t\t\t\t<\/div>\n\t\t\t\t<div class=\"elementor-element elementor-element-24024f86 elementor-widget elementor-widget-text-editor\" data-id=\"24024f86\" data-element_type=\"widget\" data-e-type=\"widget\" data-widget_type=\"text-editor.default\">\n\t\t\t\t<div class=\"elementor-widget-container\">\n\t\t\t\t\t\t\t\t\t<p>La regi\u00f3n de Agadir tambi\u00e9n ofrece un entorno maravilloso para descubrir. Podr\u00e1 visitar muchos lugares en excursiones desde Agadir por esta regi\u00f3n. Por ejemplo, podr\u00e1 visitar Tafraout, Essaouira, Tiznit, Taroudant, Taghazout e incluso Sidi Ifni. Adem\u00e1s, con los viajes a Agadir, te llevamos a otros destinos como el desierto de Zagora (Erg Chigaga) y Merzouga (Erg Chebbi). Es un importante lugar tur\u00edstico para montar en camello y realizar otras actividades en las dunas doradas. Adem\u00e1s, le llevaremos a las ciudades imperiales: Rabat, Fez, Meknes y Marrakech. Y explorar\u00e1 la ciudad de la Perla Azul, Chefchaouen, y visitar\u00e1 la Kasbah de Ait Ben Haddou y los Estudios del Atlas en Ouarzazate.<\/p><h6>Atracci\u00f3n Tur\u00edstica de Agadir<\/h6><p>Agadir Oufella es una fortaleza hist\u00f3rica situada al norte de la ciudad en la cima de una monta\u00f1a con una altitud de unos 236 metros sobre el nivel del mar. El sult\u00e1n Muhammad Sheikh Al-Saadi la fund\u00f3 en 1540 para controlar los ataques portugueses. Si se desplaza hacia el este, hacia el interior, puede llegar al famoso Valle de Susa. Es el centro del cultivo de c\u00edtricos que est\u00e1 rodeado de majestuosas monta\u00f1as. El Jard\u00edn de Olhao o Jard\u00edn de los Enamorados es un sitio rom\u00e1ntico. Atrae a muchos visitantes para disfrutar del ambiente rom\u00e1ntico y las vistas panor\u00e1micas.<\/p><p>Taroudant es una de las ciudades marroqu\u00edes m\u00e1s antiguas . Se remonta al siglo XI. Adem\u00e1s, hoy en d\u00eda desempe\u00f1a un papel importante en la vida del pa\u00eds, especialmente en el \u00e1mbito tur\u00edstico y agr\u00edcola. La ciudad est\u00e1 rodeada por una muralla medieval de siete metros de altura que se extiende a lo largo de 5 km y rodea toda la ciudad. Hacia el este, la ciudad se acerca al pie del Alto Atlas, cuyas cumbres se pueden admirar sobre el fondo de las murallas medievales. Durante los viajes a Agadir, podr\u00e1 ver reba\u00f1os de cabras en los \u00e1rboles de <a href=\"https:\/\/moroccoinsightexcursions.com\/es\/aceite-de-argan-marroqui\/\" target=\"_blank\" rel=\"noopener\">arg\u00e1n<\/a> del valle de Susa.<\/p><p>Tafraout es tambi\u00e9n una ciudad situada en el suroeste de Marruecos, en las afueras del Anti-Atlas. El pueblo est\u00e1 formado por piedras de granito rosa, y constituye un paisaje, especialmente la vista de la puesta de sol. Los turistas que acuden a Tafraout disfrutan de las coloridas rocas gigantes que se encuentran al lado de la carretera. Es uno de los destinos tur\u00edsticos que atrae a miles de turistas anualmente, especialmente a los aficionados al turismo de monta\u00f1a y a los que buscan la tranquilidad natural. Tafraout presenta un conjunto de accidentes geol\u00f3gicos, como la Roca de Napole\u00f3n, basada en Napole\u00f3n Bonaparte, como la llaman los habitantes de la regi\u00f3n.<\/p><p>Sidi Ifni es una ciudad situada a 160 km al sur de Agadir, en el oc\u00e9ano Atl\u00e1ntico, entre Tiznit y Guelmim. Su poblaci\u00f3n depende de la pesca, el turismo y la agricultura. Gracias a su oleaje y viento, las playas de Sidi Ifni son aptas para el surf durante todo el a\u00f1o. Adem\u00e1s, es un lugar ideal para los amantes de los deportes acu\u00e1ticos y el senderismo. A medio camino entre Mirleft y Sidi Ifni, en la costa atl\u00e1ntica sur, se encuentra la playa de Legzira. Esta playa de arena es famosa por sus arcos de arena. Por ellos, es una de las famosas atracciones tur\u00edsticas de Marruecos que puede admirar en sus viajes a Agadir.<\/p>\t\t\t\t\t\t\t\t<\/div>\n\t\t\t\t<\/div>\n\t\t\t\t<div class=\"elementor-element elementor-element-2827701 elementor-widget elementor-widget-heading\" data-id=\"2827701\" data-element_type=\"widget\" data-e-type=\"widget\" data-widget_type=\"heading.default\">\n\t\t\t\t<div class=\"elementor-widget-container\">\n\t\t\t\t\t<h2 class=\"elementor-heading-title elementor-size-default\">Tours de Agadir<\/h2>\t\t\t\t<\/div>\n\t\t\t\t<\/div>\n\t\t\t\t<div class=\"elementor-element elementor-element-1ca0590 elementor-widget elementor-widget-themo-tour-grid\" data-id=\"1ca0590\" data-element_type=\"widget\" data-e-type=\"widget\" data-widget_type=\"themo-tour-grid.default\">\n\t\t\t\t<div class=\"elementor-widget-container\">\n\t\t\t\t\t\n                <div id=\"th-portfolio-content-69d499408181b\" class=\"th-portfolio\">\n\n            \n            <div id=\"th-portfolio-row\" class=\"th-portfolio-row row portfolio_content  three-columns th-port-gutter\">\n\n                                        <div id=\"post-3387\" class=\"th-portfolio-item item col-md-4 col-sm-6 p-tour-de-agadir post-3387 themo_tour type-themo_tour status-publish format-standard has-post-thumbnail hentry themo_tour_type-tour-de-agadir\">\n                            <div class=\"th-port-wrap\">\n                                <img fetchpriority=\"high\" decoding=\"async\" width=\"605\" height=\"605\" src=\"https:\/\/moroccoinsightexcursions.com\/es\/wp-content\/uploads\/2021\/11\/4-days-tour-from-Agadir-605x605.jpg\" class=\"img-responsive th-port-img wp-post-image\" alt=\"Tour de 4 d\u00edas desde Agadir\" \/>\n                                <div class=\"th-port-overlay\"><\/div>\n                                <div class=\"th-port-inner\">\n                                                                        <div class=\"th-port-center\">\n                                        <h3 class=\"th-port-title\">Tour de 4 d\u00edas desde Agadir<\/h3>\n                                        <p class=\"th-port-sub\">Viajar de Agadir al desierto pasando por Atls Mounatisn<\/p>                                                                                    <span class=\"th-port-btn\">Leer m\u00e1s<\/span>\n                                                                            <\/div>\n                                    <a href=\"https:\/\/moroccoinsightexcursions.com\/es\/tour\/tour-de-4-dias-desde-agadir-al-desierto\/\" class=\"th-port-link\" ><\/a>                                <\/div>\n                            <\/div>\n                        <\/div>\n                                                <div id=\"post-3422\" class=\"th-portfolio-item item col-md-4 col-sm-6 p-tour-de-agadir post-3422 themo_tour type-themo_tour status-publish format-standard has-post-thumbnail hentry themo_tour_type-tour-de-agadir\">\n                            <div class=\"th-port-wrap\">\n                                <img decoding=\"async\" width=\"394\" height=\"394\" src=\"https:\/\/moroccoinsightexcursions.com\/es\/wp-content\/uploads\/2021\/11\/7-days-tour-from-Agadir-394x394.jpg\" class=\"img-responsive th-port-img wp-post-image\" alt=\"Tour de 7 d\u00edas desde Agadir\" \/>\n                                <div class=\"th-port-overlay\"><\/div>\n                                <div class=\"th-port-inner\">\n                                                                        <div class=\"th-port-center\">\n                                        <h3 class=\"th-port-title\">tour de 7 d\u00edas desde Agadir <\/h3>\n                                        <p class=\"th-port-sub\">Viaje de Agadir al desierto pasando por Marrakech, Essaouira y el Atlas.<\/p>                                                                                    <span class=\"th-port-btn\">Leer m\u00e1s<\/span>\n                                                                            <\/div>\n                                    <a href=\"https:\/\/moroccoinsightexcursions.com\/es\/tour\/tour-de-7-dias-desde-agadir-al-desierto\/\" class=\"th-port-link\" ><\/a>                                <\/div>\n                            <\/div>\n                        <\/div>\n                                                <div id=\"post-3682\" class=\"th-portfolio-item item col-md-4 col-sm-6 p-tour-de-agadir post-3682 themo_tour type-themo_tour status-publish format-standard has-post-thumbnail hentry themo_tour_type-tour-de-agadir\">\n                            <div class=\"th-port-wrap\">\n                                <img decoding=\"async\" width=\"605\" height=\"605\" src=\"https:\/\/moroccoinsightexcursions.com\/es\/wp-content\/uploads\/2022\/11\/5-days-tour-from-Agadir-605x605.jpg\" class=\"img-responsive th-port-img wp-post-image\" alt=\"tour de 5 d\u00edas desde Agadir\" \/>\n                                <div class=\"th-port-overlay\"><\/div>\n                                <div class=\"th-port-inner\">\n                                                                        <div class=\"th-port-center\">\n                                        <h3 class=\"th-port-title\">Tour de 5 d\u00edas desde Agadir<\/h3>\n                                        <p class=\"th-port-sub\">Viaje al sureste de Marruecos a trav\u00e9s de Marrakech y las monta\u00f1as del Atlas<\/p>                                                                                    <span class=\"th-port-btn\">Leer m\u00e1s<\/span>\n                                                                            <\/div>\n                                    <a href=\"https:\/\/moroccoinsightexcursions.com\/es\/tour\/tour-de-5-dias-desde-agadir\/\" class=\"th-port-link\" ><\/a>                                <\/div>\n                            <\/div>\n                        <\/div>\n                        \n            <\/div>\n\n        <\/div>\n\n        \t\t\t\t<\/div>\n\t\t\t\t<\/div>\n\t\t\t\t\t<\/div>\n\t\t<\/div>\n\t\t\t\t\t<\/div>\n\t\t<\/section>\n\t\t\t\t<\/div>\n\t\t","protected":false},"excerpt":{"rendered":"<p>Viajes a Agadir Acerca de los Viajes desde Agadir Agadir es una ciudad situada en la costa atl\u00e1ntica de Marruecos, al pie de las monta\u00f1as del Anti-Atlas. Se eleva unos 56 metros sobre el nivel del mar y es la &hellip; <a href=\"https:\/\/moroccoinsightexcursions.com\/es\/tour\/tour-de-5-dias-desde-agadir\/\">Read More<\/a><\/p>\n","protected":false},"author":2,"featured_media":3358,"parent":0,"menu_order":0,"comment_status":"closed","ping_status":"closed","template":"","meta":{"_joinchat":[],"footnotes":""},"class_list":["post-3356","page","type-page","status-publish","has-post-thumbnail","hentry"],"yoast_head":"<!-- This site is optimized with the Yoast SEO plugin v27.3 - https:\/\/yoast.com\/product\/yoast-seo-wordpress\/ -->\n<title>Viajes a Agadir &amp; Excursiones desde Agadir - Morocco Insight Excursions<\/title>\n<meta name=\"description\" content=\"Viajes a Agadir para empezar el viaje a Marruecos al desierto y a las ciudades imperiales. Reserve tours de Agadir y explore las monta\u00f1as ...\" \/>\n<meta name=\"robots\" content=\"index, follow, max-snippet:-1, max-image-preview:large, max-video-preview:-1\" \/>\n<link rel=\"canonical\" href=\"https:\/\/moroccoinsightexcursions.com\/es\/viajes-a-agadir-excursiones-desde-agadir\/\" \/>\n<meta property=\"og:locale\" content=\"es_ES\" \/>\n<meta property=\"og:type\" content=\"article\" \/>\n<meta property=\"og:title\" content=\"Viajes a Agadir &amp; Excursiones desde Agadir - Morocco Insight Excursions\" \/>\n<meta property=\"og:description\" content=\"Viajes a Agadir para empezar el viaje a Marruecos al desierto y a las ciudades imperiales. Reserve tours de Agadir y explore las monta\u00f1as ...\" \/>\n<meta property=\"og:url\" content=\"https:\/\/moroccoinsightexcursions.com\/es\/viajes-a-agadir-excursiones-desde-agadir\/\" \/>\n<meta property=\"og:site_name\" content=\"Morocco Insight Excursions\" \/>\n<meta property=\"article:publisher\" content=\"https:\/\/www.facebook.com\/moroccoinsightexcursions\" \/>\n<meta property=\"article:modified_time\" content=\"2022-11-21T16:33:52+00:00\" \/>\n<meta property=\"og:image\" content=\"https:\/\/moroccoinsightexcursions.com\/es\/wp-content\/uploads\/2021\/10\/Agadir-tours-and-excursions.jpg\" \/>\n\t<meta property=\"og:image:width\" content=\"799\" \/>\n\t<meta property=\"og:image:height\" content=\"533\" \/>\n\t<meta property=\"og:image:type\" content=\"image\/jpeg\" \/>\n<meta name=\"twitter:card\" content=\"summary_large_image\" \/>\n<meta name=\"twitter:site\" content=\"@Web_Tours\" \/>\n<meta name=\"twitter:label1\" content=\"Tiempo de lectura\" \/>\n\t<meta name=\"twitter:data1\" content=\"5 minutos\" \/>\n<script type=\"application\/ld+json\" class=\"yoast-schema-graph\">{\"@context\":\"https:\\\/\\\/schema.org\",\"@graph\":[{\"@type\":\"WebPage\",\"@id\":\"https:\\\/\\\/moroccoinsightexcursions.com\\\/es\\\/viajes-a-agadir-excursiones-desde-agadir\\\/\",\"url\":\"https:\\\/\\\/moroccoinsightexcursions.com\\\/es\\\/viajes-a-agadir-excursiones-desde-agadir\\\/\",\"name\":\"Viajes a Agadir & Excursiones desde Agadir - Morocco Insight Excursions\",\"isPartOf\":{\"@id\":\"https:\\\/\\\/moroccoinsightexcursions.com\\\/es\\\/#website\"},\"primaryImageOfPage\":{\"@id\":\"https:\\\/\\\/moroccoinsightexcursions.com\\\/es\\\/viajes-a-agadir-excursiones-desde-agadir\\\/#primaryimage\"},\"image\":{\"@id\":\"https:\\\/\\\/moroccoinsightexcursions.com\\\/es\\\/viajes-a-agadir-excursiones-desde-agadir\\\/#primaryimage\"},\"thumbnailUrl\":\"https:\\\/\\\/moroccoinsightexcursions.com\\\/es\\\/wp-content\\\/uploads\\\/2021\\\/10\\\/Agadir-tours-and-excursions.jpg\",\"datePublished\":\"2021-10-25T11:06:12+00:00\",\"dateModified\":\"2022-11-21T16:33:52+00:00\",\"description\":\"Viajes a Agadir para empezar el viaje a Marruecos al desierto y a las ciudades imperiales. Reserve tours de Agadir y explore las monta\u00f1as ...\",\"breadcrumb\":{\"@id\":\"https:\\\/\\\/moroccoinsightexcursions.com\\\/es\\\/viajes-a-agadir-excursiones-desde-agadir\\\/#breadcrumb\"},\"inLanguage\":\"es\",\"potentialAction\":[{\"@type\":\"ReadAction\",\"target\":[\"https:\\\/\\\/moroccoinsightexcursions.com\\\/es\\\/viajes-a-agadir-excursiones-desde-agadir\\\/\"]}]},{\"@type\":\"ImageObject\",\"inLanguage\":\"es\",\"@id\":\"https:\\\/\\\/moroccoinsightexcursions.com\\\/es\\\/viajes-a-agadir-excursiones-desde-agadir\\\/#primaryimage\",\"url\":\"https:\\\/\\\/moroccoinsightexcursions.com\\\/es\\\/wp-content\\\/uploads\\\/2021\\\/10\\\/Agadir-tours-and-excursions.jpg\",\"contentUrl\":\"https:\\\/\\\/moroccoinsightexcursions.com\\\/es\\\/wp-content\\\/uploads\\\/2021\\\/10\\\/Agadir-tours-and-excursions.jpg\",\"width\":799,\"height\":533,\"caption\":\"viajes a agadir\"},{\"@type\":\"BreadcrumbList\",\"@id\":\"https:\\\/\\\/moroccoinsightexcursions.com\\\/es\\\/viajes-a-agadir-excursiones-desde-agadir\\\/#breadcrumb\",\"itemListElement\":[{\"@type\":\"ListItem\",\"position\":1,\"name\":\"Portada\",\"item\":\"https:\\\/\\\/moroccoinsightexcursions.com\\\/es\\\/\"},{\"@type\":\"ListItem\",\"position\":2,\"name\":\"Viajes a Agadir &#038; Excursiones desde Agadir\"}]},{\"@type\":\"WebSite\",\"@id\":\"https:\\\/\\\/moroccoinsightexcursions.com\\\/es\\\/#website\",\"url\":\"https:\\\/\\\/moroccoinsightexcursions.com\\\/es\\\/\",\"name\":\"Morocco Insight Excursions\",\"description\":\"Agencia de viajes en Marruecos\",\"publisher\":{\"@id\":\"https:\\\/\\\/moroccoinsightexcursions.com\\\/es\\\/#organization\"},\"potentialAction\":[{\"@type\":\"SearchAction\",\"target\":{\"@type\":\"EntryPoint\",\"urlTemplate\":\"https:\\\/\\\/moroccoinsightexcursions.com\\\/es\\\/?s={search_term_string}\"},\"query-input\":{\"@type\":\"PropertyValueSpecification\",\"valueRequired\":true,\"valueName\":\"search_term_string\"}}],\"inLanguage\":\"es\"},{\"@type\":\"Organization\",\"@id\":\"https:\\\/\\\/moroccoinsightexcursions.com\\\/es\\\/#organization\",\"name\":\"Morocco Insight Excursions\",\"url\":\"https:\\\/\\\/moroccoinsightexcursions.com\\\/es\\\/\",\"logo\":{\"@type\":\"ImageObject\",\"inLanguage\":\"es\",\"@id\":\"https:\\\/\\\/moroccoinsightexcursions.com\\\/es\\\/#\\\/schema\\\/logo\\\/image\\\/\",\"url\":\"https:\\\/\\\/moroccoinsightexcursions.com\\\/es\\\/wp-content\\\/uploads\\\/2021\\\/02\\\/Morocco_Logo_Color.png\",\"contentUrl\":\"https:\\\/\\\/moroccoinsightexcursions.com\\\/es\\\/wp-content\\\/uploads\\\/2021\\\/02\\\/Morocco_Logo_Color.png\",\"width\":2040,\"height\":1010,\"caption\":\"Morocco Insight Excursions\"},\"image\":{\"@id\":\"https:\\\/\\\/moroccoinsightexcursions.com\\\/es\\\/#\\\/schema\\\/logo\\\/image\\\/\"},\"sameAs\":[\"https:\\\/\\\/www.facebook.com\\\/moroccoinsightexcursions\",\"https:\\\/\\\/x.com\\\/Web_Tours\",\"https:\\\/\\\/www.instagram.com\\\/moroccoinsightexcursions\\\/\",\"https:\\\/\\\/www.pinterest.com\\\/moroccoinsightexcursions\\\/\"]}]}<\/script>\n<!-- \/ Yoast SEO plugin. -->","yoast_head_json":{"title":"Viajes a Agadir & Excursiones desde Agadir - Morocco Insight Excursions","description":"Viajes a Agadir para empezar el viaje a Marruecos al desierto y a las ciudades imperiales. Reserve tours de Agadir y explore las monta\u00f1as ...","robots":{"index":"index","follow":"follow","max-snippet":"max-snippet:-1","max-image-preview":"max-image-preview:large","max-video-preview":"max-video-preview:-1"},"canonical":"https:\/\/moroccoinsightexcursions.com\/es\/viajes-a-agadir-excursiones-desde-agadir\/","og_locale":"es_ES","og_type":"article","og_title":"Viajes a Agadir & Excursiones desde Agadir - Morocco Insight Excursions","og_description":"Viajes a Agadir para empezar el viaje a Marruecos al desierto y a las ciudades imperiales. Reserve tours de Agadir y explore las monta\u00f1as ...","og_url":"https:\/\/moroccoinsightexcursions.com\/es\/viajes-a-agadir-excursiones-desde-agadir\/","og_site_name":"Morocco Insight Excursions","article_publisher":"https:\/\/www.facebook.com\/moroccoinsightexcursions","article_modified_time":"2022-11-21T16:33:52+00:00","og_image":[{"width":799,"height":533,"url":"https:\/\/moroccoinsightexcursions.com\/es\/wp-content\/uploads\/2021\/10\/Agadir-tours-and-excursions.jpg","type":"image\/jpeg"}],"twitter_card":"summary_large_image","twitter_site":"@Web_Tours","twitter_misc":{"Tiempo de lectura":"5 minutos"},"schema":{"@context":"https:\/\/schema.org","@graph":[{"@type":"WebPage","@id":"https:\/\/moroccoinsightexcursions.com\/es\/viajes-a-agadir-excursiones-desde-agadir\/","url":"https:\/\/moroccoinsightexcursions.com\/es\/viajes-a-agadir-excursiones-desde-agadir\/","name":"Viajes a Agadir & Excursiones desde Agadir - Morocco Insight Excursions","isPartOf":{"@id":"https:\/\/moroccoinsightexcursions.com\/es\/#website"},"primaryImageOfPage":{"@id":"https:\/\/moroccoinsightexcursions.com\/es\/viajes-a-agadir-excursiones-desde-agadir\/#primaryimage"},"image":{"@id":"https:\/\/moroccoinsightexcursions.com\/es\/viajes-a-agadir-excursiones-desde-agadir\/#primaryimage"},"thumbnailUrl":"https:\/\/moroccoinsightexcursions.com\/es\/wp-content\/uploads\/2021\/10\/Agadir-tours-and-excursions.jpg","datePublished":"2021-10-25T11:06:12+00:00","dateModified":"2022-11-21T16:33:52+00:00","description":"Viajes a Agadir para empezar el viaje a Marruecos al desierto y a las ciudades imperiales. Reserve tours de Agadir y explore las monta\u00f1as ...","breadcrumb":{"@id":"https:\/\/moroccoinsightexcursions.com\/es\/viajes-a-agadir-excursiones-desde-agadir\/#breadcrumb"},"inLanguage":"es","potentialAction":[{"@type":"ReadAction","target":["https:\/\/moroccoinsightexcursions.com\/es\/viajes-a-agadir-excursiones-desde-agadir\/"]}]},{"@type":"ImageObject","inLanguage":"es","@id":"https:\/\/moroccoinsightexcursions.com\/es\/viajes-a-agadir-excursiones-desde-agadir\/#primaryimage","url":"https:\/\/moroccoinsightexcursions.com\/es\/wp-content\/uploads\/2021\/10\/Agadir-tours-and-excursions.jpg","contentUrl":"https:\/\/moroccoinsightexcursions.com\/es\/wp-content\/uploads\/2021\/10\/Agadir-tours-and-excursions.jpg","width":799,"height":533,"caption":"viajes a agadir"},{"@type":"BreadcrumbList","@id":"https:\/\/moroccoinsightexcursions.com\/es\/viajes-a-agadir-excursiones-desde-agadir\/#breadcrumb","itemListElement":[{"@type":"ListItem","position":1,"name":"Portada","item":"https:\/\/moroccoinsightexcursions.com\/es\/"},{"@type":"ListItem","position":2,"name":"Viajes a Agadir &#038; Excursiones desde Agadir"}]},{"@type":"WebSite","@id":"https:\/\/moroccoinsightexcursions.com\/es\/#website","url":"https:\/\/moroccoinsightexcursions.com\/es\/","name":"Morocco Insight Excursions","description":"Agencia de viajes en Marruecos","publisher":{"@id":"https:\/\/moroccoinsightexcursions.com\/es\/#organization"},"potentialAction":[{"@type":"SearchAction","target":{"@type":"EntryPoint","urlTemplate":"https:\/\/moroccoinsightexcursions.com\/es\/?s={search_term_string}"},"query-input":{"@type":"PropertyValueSpecification","valueRequired":true,"valueName":"search_term_string"}}],"inLanguage":"es"},{"@type":"Organization","@id":"https:\/\/moroccoinsightexcursions.com\/es\/#organization","name":"Morocco Insight Excursions","url":"https:\/\/moroccoinsightexcursions.com\/es\/","logo":{"@type":"ImageObject","inLanguage":"es","@id":"https:\/\/moroccoinsightexcursions.com\/es\/#\/schema\/logo\/image\/","url":"https:\/\/moroccoinsightexcursions.com\/es\/wp-content\/uploads\/2021\/02\/Morocco_Logo_Color.png","contentUrl":"https:\/\/moroccoinsightexcursions.com\/es\/wp-content\/uploads\/2021\/02\/Morocco_Logo_Color.png","width":2040,"height":1010,"caption":"Morocco Insight Excursions"},"image":{"@id":"https:\/\/moroccoinsightexcursions.com\/es\/#\/schema\/logo\/image\/"},"sameAs":["https:\/\/www.facebook.com\/moroccoinsightexcursions","https:\/\/x.com\/Web_Tours","https:\/\/www.instagram.com\/moroccoinsightexcursions\/","https:\/\/www.pinterest.com\/moroccoinsightexcursions\/"]}]}},"_links":{"self":[{"href":"https:\/\/moroccoinsightexcursions.com\/es\/wp-json\/wp\/v2\/pages\/3356","targetHints":{"allow":["GET"]}}],"collection":[{"href":"https:\/\/moroccoinsightexcursions.com\/es\/wp-json\/wp\/v2\/pages"}],"about":[{"href":"https:\/\/moroccoinsightexcursions.com\/es\/wp-json\/wp\/v2\/types\/page"}],"author":[{"embeddable":true,"href":"https:\/\/moroccoinsightexcursions.com\/es\/wp-json\/wp\/v2\/users\/2"}],"replies":[{"embeddable":true,"href":"https:\/\/moroccoinsightexcursions.com\/es\/wp-json\/wp\/v2\/comments?post=3356"}],"version-history":[{"count":33,"href":"https:\/\/moroccoinsightexcursions.com\/es\/wp-json\/wp\/v2\/pages\/3356\/revisions"}],"predecessor-version":[{"id":3722,"href":"https:\/\/moroccoinsightexcursions.com\/es\/wp-json\/wp\/v2\/pages\/3356\/revisions\/3722"}],"wp:featuredmedia":[{"embeddable":true,"href":"https:\/\/moroccoinsightexcursions.com\/es\/wp-json\/wp\/v2\/media\/3358"}],"wp:attachment":[{"href":"https:\/\/moroccoinsightexcursions.com\/es\/wp-json\/wp\/v2\/media?parent=3356"}],"curies":[{"name":"wp","href":"https:\/\/api.w.org\/{rel}","templated":true}]}}