{"id":3854,"date":"2022-12-13T17:48:56","date_gmt":"2022-12-13T17:48:56","guid":{"rendered":"https:\/\/moroccoinsightexcursions.com\/es\/?page_id=3854"},"modified":"2023-07-16T16:36:58","modified_gmt":"2023-07-16T16:36:58","slug":"navidad-en-marruecos","status":"publish","type":"page","link":"https:\/\/moroccoinsightexcursions.com\/es\/navidad-en-marruecos\/","title":{"rendered":"Navidad en Marruecos"},"content":{"rendered":"\t\t<div data-elementor-type=\"wp-page\" data-elementor-id=\"3854\" class=\"elementor elementor-3854\">\n\t\t\t\t\t\t<section class=\"elementor-section elementor-top-section elementor-element elementor-element-21d12592 elementor-section-height-min-height elementor-section-stretched elementor-section-full_width elementor-section-height-default elementor-section-items-middle\" data-id=\"21d12592\" data-element_type=\"section\" data-e-type=\"section\" data-settings=\"{&quot;background_background&quot;:&quot;classic&quot;,&quot;stretch_section&quot;:&quot;section-stretched&quot;}\">\n\t\t\t\t\t\t\t<div class=\"elementor-background-overlay\"><\/div>\n\t\t\t\t\t\t\t<div class=\"elementor-container elementor-column-gap-no\">\n\t\t\t\t\t<div class=\"elementor-column elementor-col-100 elementor-top-column elementor-element elementor-element-6bdfbbd\" data-id=\"6bdfbbd\" data-element_type=\"column\" data-e-type=\"column\">\n\t\t\t<div class=\"elementor-widget-wrap\">\n\t\t\t\t\t\t\t<\/div>\n\t\t<\/div>\n\t\t\t\t\t<\/div>\n\t\t<\/section>\n\t\t\t\t<section class=\"elementor-section elementor-top-section elementor-element elementor-element-1c5acd7e elementor-section-stretched elementor-section-boxed elementor-section-height-default elementor-section-height-default\" data-id=\"1c5acd7e\" data-element_type=\"section\" data-e-type=\"section\" data-settings=\"{&quot;background_background&quot;:&quot;gradient&quot;,&quot;stretch_section&quot;:&quot;section-stretched&quot;}\">\n\t\t\t\t\t\t<div class=\"elementor-container elementor-column-gap-default\">\n\t\t\t\t\t<div class=\"elementor-column elementor-col-100 elementor-top-column elementor-element elementor-element-39dbc5cc\" data-id=\"39dbc5cc\" data-element_type=\"column\" data-e-type=\"column\">\n\t\t\t<div class=\"elementor-widget-wrap elementor-element-populated\">\n\t\t\t\t\t\t<div class=\"elementor-element elementor-element-3b644aa2 elementor-widget elementor-widget-heading\" data-id=\"3b644aa2\" data-element_type=\"widget\" data-e-type=\"widget\" data-widget_type=\"heading.default\">\n\t\t\t\t<div class=\"elementor-widget-container\">\n\t\t\t\t\t<h1 class=\"elementor-heading-title elementor-size-default\">A\u00f1o Nuevo y Navidad en Marruecos<\/h1>\t\t\t\t<\/div>\n\t\t\t\t<\/div>\n\t\t\t\t<div class=\"elementor-element elementor-element-15a5a866 elementor-widget elementor-widget-text-editor\" data-id=\"15a5a866\" data-element_type=\"widget\" data-e-type=\"widget\" data-widget_type=\"text-editor.default\">\n\t\t\t\t<div class=\"elementor-widget-container\">\n\t\t\t\t\t\t\t\t\t<p>La Navidad en Marruecos es un acontecimiento popular que los turistas celebran en Marruecos. Hay pocos pa\u00edses con sociedades isl\u00e1micas donde musulmanes, jud\u00edos y cristianos vivan en paz y se respeten mutuamente. La Nochevieja y la Navidad no son acontecimientos significativos para los musulmanes. Por varias razones, la Navidad no se reconoce en la mayor\u00eda de las naciones musulmanas. La primera raz\u00f3n es que las naciones musulmanas se atienen a las leyes isl\u00e1micas. Estas leyes no permiten a los musulmanes celebrar fiestas y rituales de otras creencias. Otra raz\u00f3n es que los musulmanes no creen que Jes\u00fas fuera hijo de Dios. Por tanto, el acontecimiento no tiene cabida en el calendario musulm\u00e1n. Sin embargo, Marruecos es un pa\u00eds exaptativo a pesar de ser musulm\u00e1n. Es un pa\u00eds donde se pueden encontrar diferentes rituales y religiones, como el islam, el cristianismo y el juda\u00edsmo.<\/p>\t\t\t\t\t\t\t\t<\/div>\n\t\t\t\t<\/div>\n\t\t\t\t<div class=\"elementor-element elementor-element-6edf5eec elementor-widget elementor-widget-heading\" data-id=\"6edf5eec\" data-element_type=\"widget\" data-e-type=\"widget\" data-widget_type=\"heading.default\">\n\t\t\t\t<div class=\"elementor-widget-container\">\n\t\t\t\t\t<h2 class=\"elementor-heading-title elementor-size-default\">Nochevieja y Navidad en Marruecos<\/h2>\t\t\t\t<\/div>\n\t\t\t\t<\/div>\n\t\t\t\t<div class=\"elementor-element elementor-element-45ab5e67 elementor-widget elementor-widget-text-editor\" data-id=\"45ab5e67\" data-element_type=\"widget\" data-e-type=\"widget\" data-widget_type=\"text-editor.default\">\n\t\t\t\t<div class=\"elementor-widget-container\">\n\t\t\t\t\t\t\t\t\t<p>Viajar a Marruecos a finales de a\u00f1o es muy popular entre los visitantes que quieren pasar Nochevieja y Navidad en Marruecos.\u00a0Marruecos es uno de los pa\u00edses que estuvo ocupado por distintos pa\u00edses, como Francia, Espa\u00f1a y Portugal. Sus influencias, sobre todo en el norte de Marruecos, a\u00fan se aprecian hoy en d\u00eda. Es decir, se pueden encontrar iglesias cristianas en algunas ciudades como T\u00e1nger y Tetu\u00e1n. Es una oportunidad para asistir a la tradicional Misa del Gallo durante sus vacaciones de Navidad en Marruecos. En las grandes ciudades como Casablanca, se pueden encontrar muchas fiestas porque hay muchos ciudadanos cristianos.\u00a0<\/p><p>Los marroqu\u00edes hacen todo lo posible para que los visitantes pasen unas agradables vacaciones de Navidad en Marruecos. Se abren restaurantes y tiendas que ofrecen diferentes<a href=\"https:\/\/moroccoinsightexcursions.com\/es\/platos-marroquies\/\"> platos marroqu\u00edes<\/a> y artesan\u00eda. En los hoteles tambi\u00e9n se organizan diferentes espect\u00e1culos. Se lanzan fuegos artificiales por las calles, especialmente en Nochevieja. Y para los que deseen celebrar la Nochevieja se organiza una fiesta en el desierto.<\/p>\t\t\t\t\t\t\t\t<\/div>\n\t\t\t\t<\/div>\n\t\t\t\t<div class=\"elementor-element elementor-element-7fe2e4b9 elementor-widget elementor-widget-heading\" data-id=\"7fe2e4b9\" data-element_type=\"widget\" data-e-type=\"widget\" data-widget_type=\"heading.default\">\n\t\t\t\t<div class=\"elementor-widget-container\">\n\t\t\t\t\t<h2 class=\"elementor-heading-title elementor-size-default\">\u00bfC\u00f3mo son las vacaciones de Navidad en Marruecos?<\/h2>\t\t\t\t<\/div>\n\t\t\t\t<\/div>\n\t\t\t\t<div class=\"elementor-element elementor-element-611ef37d elementor-widget elementor-widget-text-editor\" data-id=\"611ef37d\" data-element_type=\"widget\" data-e-type=\"widget\" data-widget_type=\"text-editor.default\">\n\t\t\t\t<div class=\"elementor-widget-container\">\n\t\t\t\t\t\t\t\t\t<p>Muchos turistas de distintos pa\u00edses viajan a Marruecos en A\u00f1o Nuevo y Navidad. Las huellas de estos acontecimientos se encuentran en la mayor\u00eda de las ciudades tur\u00edsticas, como Casablanca, Marrakech, Agadir, Rabat y T\u00e1nger. Sin embargo, fuera de las ciudades, no hay rastro de la Navidad. Este d\u00eda tan especial es normal en estas zonas rurales. La mayor\u00eda de las decoraciones y celebraciones navide\u00f1as en Marruecos tendr\u00e1n un sabor europeo. Podr\u00e1 ver adornos navide\u00f1os en los centros comerciales. Tambi\u00e9n encontrar\u00e1 luces navide\u00f1as, \u00e1rboles de Navidad y Pap\u00e1 Noel en estos centros comerciales. La mayor\u00eda de los j\u00f3venes marroqu\u00edes celebran el A\u00f1o Nuevo de formas \u00fanicas. Lo celebran en uno de los festivales en los que no faltan la m\u00fasica y las canciones.<\/p>\t\t\t\t\t\t\t\t<\/div>\n\t\t\t\t<\/div>\n\t\t\t\t<div class=\"elementor-element elementor-element-640595d8 elementor-widget elementor-widget-heading\" data-id=\"640595d8\" data-element_type=\"widget\" data-e-type=\"widget\" data-widget_type=\"heading.default\">\n\t\t\t\t<div class=\"elementor-widget-container\">\n\t\t\t\t\t<h2 class=\"elementor-heading-title elementor-size-default\">Viaje de Navidad y Fin de A\u00f1o en Marruecos<\/h2>\t\t\t\t<\/div>\n\t\t\t\t<\/div>\n\t\t\t\t<div class=\"elementor-element elementor-element-492d5278 elementor-widget elementor-widget-text-editor\" data-id=\"492d5278\" data-element_type=\"widget\" data-e-type=\"widget\" data-widget_type=\"text-editor.default\">\n\t\t\t\t<div class=\"elementor-widget-container\">\n\t\t\t\t\t\t\t\t\t<p>Si est\u00e1 planeando unas vacaciones de Navidad y pasar la noche de A\u00f1o Nuevo en el desierto, eche un vistazo a este viaje. Pero, si tiene alguna sugerencia de viaje, puede ponerse en contacto con nosotros.<\/p><h6><strong>D\u00eda 1: Llegada a Marrakech<\/strong><\/h6><p>Le recogeremos en el aeropuerto de Marrakech seg\u00fan la hora de llegada. A continuaci\u00f3n, nos trasladaremos al Riad donde pasaremos la noche. Usted tiene tiempo libre para tener un primer contacto con la ciudad roja, sobre todo cuando se disfruta de la noche m\u00e1gica en la plaza Jemma El Fna tiempo. Una noche es en un Riad en la Medina cerca de la plaza tiempo.\u00a0<\/p><h6><strong>D\u00eda 2 : De Marrakech, Ouarzazate, Skoura a las Gargantas del Dades<\/strong><\/h6><p>Despu\u00e9s de tomar un delicioso desayuno, nos reuniremos con usted en su Riad. A continuaci\u00f3n, dejaremos Marrakech y atravesaremos las monta\u00f1as del Alto Atlas. Haremos una emocionante parada en la Kasbah Ait Ben Haddou, muy atractiva para los visitantes. Despu\u00e9s de esta experiencia, continuaremos nuestro viaje a Ouarzazate, que tambi\u00e9n se llama \u00abLa puerta del desierto\u00bb. Nos detendremos aqu\u00ed para disfrutar de una comida marroqu\u00ed para el almuerzo. Despu\u00e9s, continuaremos nuestro camino hacia el Valle de Rosas y las Gargantas del Dades. Pasaremos la noche en el Valle del Dades, con cena y desayuno incluidos.<\/p><h6><strong>D\u00eda 3 : De las Gargantas del Todra, Erfoud al desierto de Merzouga<\/strong><\/h6><p>Despu\u00e9s del desayuno, conduciremos desde el Valle del Dades hasta las Gargantas del Todra. Aqu\u00ed, disfrutar\u00e1 de diferentes vistas de rocas musgosas a los lados de un r\u00edo. A continuaci\u00f3n, haremos un alto en el camino para almorzar en uno de los pueblos. M\u00e1s tarde, conduciremos hasta Erfoud y \u00a1habr\u00e1 llegado el gran momento! Llegaremos a su Riad\/hotel para pasar una noche de fantas\u00eda en el desierto, con cena y desayuno incluidos.<\/p><h6><strong>D\u00eda 4: excursi\u00f3n por el desierto en Merzouga<\/strong><\/h6><p>Despu\u00e9s del desayuno, iniciar\u00e1 una excursi\u00f3n por el desierto en 4\u00d74. Visitar\u00e1 a los aut\u00e9nticos n\u00f3madas del desierto. Disfrutar\u00e1s de su comida local y de la m\u00fasica en Khamlia y visitar\u00e1s otros lugares del desierto. A media tarde, comenzar\u00e1s tu <a href=\"https:\/\/moroccoinsightexcursions.com\/es\/excursion-camello-merzouga\/\">excursi\u00f3n en camello<\/a> para pasar la noche en un campamento del desierto. Pasar\u00e1 una noche excepcional en el coraz\u00f3n del desierto. El desierto es uno de los mejores lugares donde pasar la Nochebuena o la Nochevieja en Marruecos. \u00a0La cena y el desayuno est\u00e1n incluidos en el campamento.<\/p><h6><strong>D\u00eda 5: De Merzouga, Rissani, Ouarzazate a Marrakech<\/strong><\/h6><p>Despu\u00e9s del desayuno, salida hacia el palmeral de Tafilalet pasando por la ciudad de Rissani. Es la capital de la dinast\u00eda alau\u00ed y de los antiguos sultanes. Nos dirigiremos hacia Alnif, el oasis de Tazzarine y Nkob. A continuaci\u00f3n, nos trasladaremos a Ouarzazate a trav\u00e9s del valle del Draa y las monta\u00f1as del Ati-Atlas. Al final del d\u00eda llegaremos a la ciudad de Marrakech y le dejaremos en su alojamiento.<\/p><h6><strong>D\u00eda 6: Visita guiada por Marrakech<\/strong><\/h6><p>Despu\u00e9s del desayuno en el riad, se reunir\u00e1 con nuestro gu\u00eda local para disfrutar de una visita guiada por las calles de la antigua Medina. En este recorrido, visitar\u00e1 el Palacio de la Bah\u00eda, la plaza de las Especies y rincones emblem\u00e1ticos de la ciudad. Hay muchas <a href=\"https:\/\/moroccoinsightexcursions.com\/es\/que-visitar-marrakech-cosas-que-ver\/\">cosas que visitar y hacer en Marrakech<\/a>. Despu\u00e9s, disfrutar\u00e1 de tiempo libre para ir de compras y echar un vistazo a los productos locales. Tambi\u00e9n puede pasar las <strong>Navidades en Marrakech<\/strong>. Es una de las principales ciudades donde los turistas pasan este acontecimiento.<\/p><h6><strong>D\u00eda 7: De Marrakech a Essaouira<\/strong><\/h6><p>Saldremos de <span style=\"color: #000000;\"><a style=\"color: #000000;\" href=\"https:\/\/es.wikipedia.org\/wiki\/Marrakech\">Marrakech<\/a><\/span> hacia la ciudad de Essaouira. Esta ciudad es conocida antiguamente como Mogador. Essaouira ha visto el paso de muchas civilizaciones. Se trata de romanos, portugueses, \u00e1rabes y bereberes. Debido a esta historia, ha conservado numerosos hitos de estas influencias. En Essaouira, pasar\u00e1 un d\u00eda entero en su antigua medina con fortificaciones portuguesas del siglo XVIII y artesan\u00eda local.\u00a0<\/p><h6><strong>D\u00eda 8: Aeropuerto de Casablanca\u00a0<\/strong><\/h6><p>Cuando desayune, nos trasladaremos al aeropuerto seg\u00fan el horario del vuelo. El aeropuerto de Casablanca es uno de los m\u00e1s concurridos. Le dejaremos en el aeropuerto 3 horas antes del vuelo. Entonces, sus vacaciones de Navidad en Marruecos termina aqu\u00ed.<\/p>\t\t\t\t\t\t\t\t<\/div>\n\t\t\t\t<\/div>\n\t\t\t\t\t<\/div>\n\t\t<\/div>\n\t\t\t\t\t<\/div>\n\t\t<\/section>\n\t\t\t\t<\/div>\n\t\t","protected":false},"excerpt":{"rendered":"<p>A\u00f1o Nuevo y Navidad en Marruecos La Navidad en Marruecos es un acontecimiento popular que los turistas celebran en Marruecos. Hay pocos pa\u00edses con sociedades isl\u00e1micas donde musulmanes, jud\u00edos y cristianos vivan en paz y se respeten mutuamente. La Nochevieja &hellip; <a href=\"https:\/\/moroccoinsightexcursions.com\/es\/navidad-en-marruecos\/\">Read More<\/a><\/p>\n","protected":false},"author":2,"featured_media":3855,"parent":0,"menu_order":0,"comment_status":"closed","ping_status":"closed","template":"","meta":{"_joinchat":[],"footnotes":""},"class_list":["post-3854","page","type-page","status-publish","has-post-thumbnail","hentry"],"yoast_head":"<!-- This site is optimized with the Yoast SEO plugin v27.4 - https:\/\/yoast.com\/product\/yoast-seo-wordpress\/ -->\n<title>Navidad en Marruecos - Morocco Insight Excursions<\/title>\n<meta name=\"description\" content=\"Pasar el A\u00f1o Nuevo y la Navidad en Marruecos. Viajar de fin de a\u00f1o en Marruecos para pasar Nochevieja y Navidad en el desierto de Merzouga.\" \/>\n<meta name=\"robots\" content=\"index, follow, max-snippet:-1, max-image-preview:large, max-video-preview:-1\" \/>\n<link rel=\"canonical\" href=\"https:\/\/moroccoinsightexcursions.com\/es\/navidad-en-marruecos\/\" \/>\n<meta property=\"og:locale\" content=\"es_ES\" \/>\n<meta property=\"og:type\" content=\"article\" \/>\n<meta property=\"og:title\" content=\"Navidad en Marruecos - Morocco Insight Excursions\" \/>\n<meta property=\"og:description\" content=\"Pasar el A\u00f1o Nuevo y la Navidad en Marruecos. Viajar de fin de a\u00f1o en Marruecos para pasar Nochevieja y Navidad en el desierto de Merzouga.\" \/>\n<meta property=\"og:url\" content=\"https:\/\/moroccoinsightexcursions.com\/es\/navidad-en-marruecos\/\" \/>\n<meta property=\"og:site_name\" content=\"Morocco Insight Excursions\" \/>\n<meta property=\"article:publisher\" content=\"https:\/\/www.facebook.com\/moroccoinsightexcursions\" \/>\n<meta property=\"article:modified_time\" content=\"2023-07-16T16:36:58+00:00\" \/>\n<meta property=\"og:image\" content=\"https:\/\/moroccoinsightexcursions.com\/es\/wp-content\/uploads\/2022\/12\/Navidad-en-Marruecos.jpg\" \/>\n\t<meta property=\"og:image:width\" content=\"945\" \/>\n\t<meta property=\"og:image:height\" content=\"630\" \/>\n\t<meta property=\"og:image:type\" content=\"image\/jpeg\" \/>\n<meta name=\"twitter:card\" content=\"summary_large_image\" \/>\n<meta name=\"twitter:site\" content=\"@Web_Tours\" \/>\n<meta name=\"twitter:label1\" content=\"Tiempo de lectura\" \/>\n\t<meta name=\"twitter:data1\" content=\"6 minutos\" \/>\n<script type=\"application\/ld+json\" class=\"yoast-schema-graph\">{\"@context\":\"https:\\\/\\\/schema.org\",\"@graph\":[{\"@type\":\"WebPage\",\"@id\":\"https:\\\/\\\/moroccoinsightexcursions.com\\\/es\\\/navidad-en-marruecos\\\/\",\"url\":\"https:\\\/\\\/moroccoinsightexcursions.com\\\/es\\\/navidad-en-marruecos\\\/\",\"name\":\"Navidad en Marruecos - Morocco Insight Excursions\",\"isPartOf\":{\"@id\":\"https:\\\/\\\/moroccoinsightexcursions.com\\\/es\\\/#website\"},\"primaryImageOfPage\":{\"@id\":\"https:\\\/\\\/moroccoinsightexcursions.com\\\/es\\\/navidad-en-marruecos\\\/#primaryimage\"},\"image\":{\"@id\":\"https:\\\/\\\/moroccoinsightexcursions.com\\\/es\\\/navidad-en-marruecos\\\/#primaryimage\"},\"thumbnailUrl\":\"https:\\\/\\\/moroccoinsightexcursions.com\\\/es\\\/wp-content\\\/uploads\\\/2022\\\/12\\\/Navidad-en-Marruecos.jpg\",\"datePublished\":\"2022-12-13T17:48:56+00:00\",\"dateModified\":\"2023-07-16T16:36:58+00:00\",\"description\":\"Pasar el A\u00f1o Nuevo y la Navidad en Marruecos. Viajar de fin de a\u00f1o en Marruecos para pasar Nochevieja y Navidad en el desierto de Merzouga.\",\"breadcrumb\":{\"@id\":\"https:\\\/\\\/moroccoinsightexcursions.com\\\/es\\\/navidad-en-marruecos\\\/#breadcrumb\"},\"inLanguage\":\"es\",\"potentialAction\":[{\"@type\":\"ReadAction\",\"target\":[\"https:\\\/\\\/moroccoinsightexcursions.com\\\/es\\\/navidad-en-marruecos\\\/\"]}]},{\"@type\":\"ImageObject\",\"inLanguage\":\"es\",\"@id\":\"https:\\\/\\\/moroccoinsightexcursions.com\\\/es\\\/navidad-en-marruecos\\\/#primaryimage\",\"url\":\"https:\\\/\\\/moroccoinsightexcursions.com\\\/es\\\/wp-content\\\/uploads\\\/2022\\\/12\\\/Navidad-en-Marruecos.jpg\",\"contentUrl\":\"https:\\\/\\\/moroccoinsightexcursions.com\\\/es\\\/wp-content\\\/uploads\\\/2022\\\/12\\\/Navidad-en-Marruecos.jpg\",\"width\":945,\"height\":630,\"caption\":\"Navidad en Marruecos\"},{\"@type\":\"BreadcrumbList\",\"@id\":\"https:\\\/\\\/moroccoinsightexcursions.com\\\/es\\\/navidad-en-marruecos\\\/#breadcrumb\",\"itemListElement\":[{\"@type\":\"ListItem\",\"position\":1,\"name\":\"Portada\",\"item\":\"https:\\\/\\\/moroccoinsightexcursions.com\\\/es\\\/\"},{\"@type\":\"ListItem\",\"position\":2,\"name\":\"Navidad en Marruecos\"}]},{\"@type\":\"WebSite\",\"@id\":\"https:\\\/\\\/moroccoinsightexcursions.com\\\/es\\\/#website\",\"url\":\"https:\\\/\\\/moroccoinsightexcursions.com\\\/es\\\/\",\"name\":\"Morocco Insight Excursions\",\"description\":\"Agencia de viajes en Marruecos\",\"publisher\":{\"@id\":\"https:\\\/\\\/moroccoinsightexcursions.com\\\/es\\\/#organization\"},\"potentialAction\":[{\"@type\":\"SearchAction\",\"target\":{\"@type\":\"EntryPoint\",\"urlTemplate\":\"https:\\\/\\\/moroccoinsightexcursions.com\\\/es\\\/?s={search_term_string}\"},\"query-input\":{\"@type\":\"PropertyValueSpecification\",\"valueRequired\":true,\"valueName\":\"search_term_string\"}}],\"inLanguage\":\"es\"},{\"@type\":\"Organization\",\"@id\":\"https:\\\/\\\/moroccoinsightexcursions.com\\\/es\\\/#organization\",\"name\":\"Morocco Insight Excursions\",\"url\":\"https:\\\/\\\/moroccoinsightexcursions.com\\\/es\\\/\",\"logo\":{\"@type\":\"ImageObject\",\"inLanguage\":\"es\",\"@id\":\"https:\\\/\\\/moroccoinsightexcursions.com\\\/es\\\/#\\\/schema\\\/logo\\\/image\\\/\",\"url\":\"https:\\\/\\\/moroccoinsightexcursions.com\\\/es\\\/wp-content\\\/uploads\\\/2021\\\/02\\\/Morocco_Logo_Color.png\",\"contentUrl\":\"https:\\\/\\\/moroccoinsightexcursions.com\\\/es\\\/wp-content\\\/uploads\\\/2021\\\/02\\\/Morocco_Logo_Color.png\",\"width\":2040,\"height\":1010,\"caption\":\"Morocco Insight Excursions\"},\"image\":{\"@id\":\"https:\\\/\\\/moroccoinsightexcursions.com\\\/es\\\/#\\\/schema\\\/logo\\\/image\\\/\"},\"sameAs\":[\"https:\\\/\\\/www.facebook.com\\\/moroccoinsightexcursions\",\"https:\\\/\\\/x.com\\\/Web_Tours\",\"https:\\\/\\\/www.instagram.com\\\/moroccoinsightexcursions\\\/\",\"https:\\\/\\\/www.pinterest.com\\\/moroccoinsightexcursions\\\/\"]}]}<\/script>\n<!-- \/ Yoast SEO plugin. -->","yoast_head_json":{"title":"Navidad en Marruecos - Morocco Insight Excursions","description":"Pasar el A\u00f1o Nuevo y la Navidad en Marruecos. Viajar de fin de a\u00f1o en Marruecos para pasar Nochevieja y Navidad en el desierto de Merzouga.","robots":{"index":"index","follow":"follow","max-snippet":"max-snippet:-1","max-image-preview":"max-image-preview:large","max-video-preview":"max-video-preview:-1"},"canonical":"https:\/\/moroccoinsightexcursions.com\/es\/navidad-en-marruecos\/","og_locale":"es_ES","og_type":"article","og_title":"Navidad en Marruecos - Morocco Insight Excursions","og_description":"Pasar el A\u00f1o Nuevo y la Navidad en Marruecos. Viajar de fin de a\u00f1o en Marruecos para pasar Nochevieja y Navidad en el desierto de Merzouga.","og_url":"https:\/\/moroccoinsightexcursions.com\/es\/navidad-en-marruecos\/","og_site_name":"Morocco Insight Excursions","article_publisher":"https:\/\/www.facebook.com\/moroccoinsightexcursions","article_modified_time":"2023-07-16T16:36:58+00:00","og_image":[{"width":945,"height":630,"url":"https:\/\/moroccoinsightexcursions.com\/es\/wp-content\/uploads\/2022\/12\/Navidad-en-Marruecos.jpg","type":"image\/jpeg"}],"twitter_card":"summary_large_image","twitter_site":"@Web_Tours","twitter_misc":{"Tiempo de lectura":"6 minutos"},"schema":{"@context":"https:\/\/schema.org","@graph":[{"@type":"WebPage","@id":"https:\/\/moroccoinsightexcursions.com\/es\/navidad-en-marruecos\/","url":"https:\/\/moroccoinsightexcursions.com\/es\/navidad-en-marruecos\/","name":"Navidad en Marruecos - Morocco Insight Excursions","isPartOf":{"@id":"https:\/\/moroccoinsightexcursions.com\/es\/#website"},"primaryImageOfPage":{"@id":"https:\/\/moroccoinsightexcursions.com\/es\/navidad-en-marruecos\/#primaryimage"},"image":{"@id":"https:\/\/moroccoinsightexcursions.com\/es\/navidad-en-marruecos\/#primaryimage"},"thumbnailUrl":"https:\/\/moroccoinsightexcursions.com\/es\/wp-content\/uploads\/2022\/12\/Navidad-en-Marruecos.jpg","datePublished":"2022-12-13T17:48:56+00:00","dateModified":"2023-07-16T16:36:58+00:00","description":"Pasar el A\u00f1o Nuevo y la Navidad en Marruecos. Viajar de fin de a\u00f1o en Marruecos para pasar Nochevieja y Navidad en el desierto de Merzouga.","breadcrumb":{"@id":"https:\/\/moroccoinsightexcursions.com\/es\/navidad-en-marruecos\/#breadcrumb"},"inLanguage":"es","potentialAction":[{"@type":"ReadAction","target":["https:\/\/moroccoinsightexcursions.com\/es\/navidad-en-marruecos\/"]}]},{"@type":"ImageObject","inLanguage":"es","@id":"https:\/\/moroccoinsightexcursions.com\/es\/navidad-en-marruecos\/#primaryimage","url":"https:\/\/moroccoinsightexcursions.com\/es\/wp-content\/uploads\/2022\/12\/Navidad-en-Marruecos.jpg","contentUrl":"https:\/\/moroccoinsightexcursions.com\/es\/wp-content\/uploads\/2022\/12\/Navidad-en-Marruecos.jpg","width":945,"height":630,"caption":"Navidad en Marruecos"},{"@type":"BreadcrumbList","@id":"https:\/\/moroccoinsightexcursions.com\/es\/navidad-en-marruecos\/#breadcrumb","itemListElement":[{"@type":"ListItem","position":1,"name":"Portada","item":"https:\/\/moroccoinsightexcursions.com\/es\/"},{"@type":"ListItem","position":2,"name":"Navidad en Marruecos"}]},{"@type":"WebSite","@id":"https:\/\/moroccoinsightexcursions.com\/es\/#website","url":"https:\/\/moroccoinsightexcursions.com\/es\/","name":"Morocco Insight Excursions","description":"Agencia de viajes en Marruecos","publisher":{"@id":"https:\/\/moroccoinsightexcursions.com\/es\/#organization"},"potentialAction":[{"@type":"SearchAction","target":{"@type":"EntryPoint","urlTemplate":"https:\/\/moroccoinsightexcursions.com\/es\/?s={search_term_string}"},"query-input":{"@type":"PropertyValueSpecification","valueRequired":true,"valueName":"search_term_string"}}],"inLanguage":"es"},{"@type":"Organization","@id":"https:\/\/moroccoinsightexcursions.com\/es\/#organization","name":"Morocco Insight Excursions","url":"https:\/\/moroccoinsightexcursions.com\/es\/","logo":{"@type":"ImageObject","inLanguage":"es","@id":"https:\/\/moroccoinsightexcursions.com\/es\/#\/schema\/logo\/image\/","url":"https:\/\/moroccoinsightexcursions.com\/es\/wp-content\/uploads\/2021\/02\/Morocco_Logo_Color.png","contentUrl":"https:\/\/moroccoinsightexcursions.com\/es\/wp-content\/uploads\/2021\/02\/Morocco_Logo_Color.png","width":2040,"height":1010,"caption":"Morocco Insight Excursions"},"image":{"@id":"https:\/\/moroccoinsightexcursions.com\/es\/#\/schema\/logo\/image\/"},"sameAs":["https:\/\/www.facebook.com\/moroccoinsightexcursions","https:\/\/x.com\/Web_Tours","https:\/\/www.instagram.com\/moroccoinsightexcursions\/","https:\/\/www.pinterest.com\/moroccoinsightexcursions\/"]}]}},"_links":{"self":[{"href":"https:\/\/moroccoinsightexcursions.com\/es\/wp-json\/wp\/v2\/pages\/3854","targetHints":{"allow":["GET"]}}],"collection":[{"href":"https:\/\/moroccoinsightexcursions.com\/es\/wp-json\/wp\/v2\/pages"}],"about":[{"href":"https:\/\/moroccoinsightexcursions.com\/es\/wp-json\/wp\/v2\/types\/page"}],"author":[{"embeddable":true,"href":"https:\/\/moroccoinsightexcursions.com\/es\/wp-json\/wp\/v2\/users\/2"}],"replies":[{"embeddable":true,"href":"https:\/\/moroccoinsightexcursions.com\/es\/wp-json\/wp\/v2\/comments?post=3854"}],"version-history":[{"count":24,"href":"https:\/\/moroccoinsightexcursions.com\/es\/wp-json\/wp\/v2\/pages\/3854\/revisions"}],"predecessor-version":[{"id":4407,"href":"https:\/\/moroccoinsightexcursions.com\/es\/wp-json\/wp\/v2\/pages\/3854\/revisions\/4407"}],"wp:featuredmedia":[{"embeddable":true,"href":"https:\/\/moroccoinsightexcursions.com\/es\/wp-json\/wp\/v2\/media\/3855"}],"wp:attachment":[{"href":"https:\/\/moroccoinsightexcursions.com\/es\/wp-json\/wp\/v2\/media?parent=3854"}],"curies":[{"name":"wp","href":"https:\/\/api.w.org\/{rel}","templated":true}]}}