{"id":2635,"date":"2023-02-24T14:57:23","date_gmt":"2023-02-24T14:57:23","guid":{"rendered":"https:\/\/moroccoinsightexcursions.com\/it\/?page_id=2635"},"modified":"2023-02-24T15:28:17","modified_gmt":"2023-02-24T15:28:17","slug":"capodanno-e-natale-in-marocco","status":"publish","type":"page","link":"https:\/\/moroccoinsightexcursions.com\/it\/capodanno-e-natale-in-marocco\/","title":{"rendered":"Capodanno e Natale in Marocco"},"content":{"rendered":"\t\t<div data-elementor-type=\"wp-page\" data-elementor-id=\"2635\" class=\"elementor elementor-2635\">\n\t\t\t\t\t\t<section class=\"elementor-section elementor-top-section elementor-element elementor-element-2299538f elementor-section-height-min-height elementor-section-stretched elementor-section-full_width elementor-section-height-default elementor-section-items-middle\" data-id=\"2299538f\" data-element_type=\"section\" data-e-type=\"section\" data-settings=\"{&quot;background_background&quot;:&quot;classic&quot;,&quot;stretch_section&quot;:&quot;section-stretched&quot;}\">\n\t\t\t\t\t\t\t<div class=\"elementor-background-overlay\"><\/div>\n\t\t\t\t\t\t\t<div class=\"elementor-container elementor-column-gap-no\">\n\t\t\t\t\t<div class=\"elementor-column elementor-col-100 elementor-top-column elementor-element elementor-element-1133e01c\" data-id=\"1133e01c\" data-element_type=\"column\" data-e-type=\"column\">\n\t\t\t<div class=\"elementor-widget-wrap\">\n\t\t\t\t\t\t\t<\/div>\n\t\t<\/div>\n\t\t\t\t\t<\/div>\n\t\t<\/section>\n\t\t\t\t<section class=\"elementor-section elementor-top-section elementor-element elementor-element-265c9f4c elementor-section-stretched elementor-section-boxed elementor-section-height-default elementor-section-height-default\" data-id=\"265c9f4c\" data-element_type=\"section\" data-e-type=\"section\" data-settings=\"{&quot;background_background&quot;:&quot;gradient&quot;,&quot;stretch_section&quot;:&quot;section-stretched&quot;}\">\n\t\t\t\t\t\t<div class=\"elementor-container elementor-column-gap-default\">\n\t\t\t\t\t<div class=\"elementor-column elementor-col-100 elementor-top-column elementor-element elementor-element-6ad756e9\" data-id=\"6ad756e9\" data-element_type=\"column\" data-e-type=\"column\">\n\t\t\t<div class=\"elementor-widget-wrap elementor-element-populated\">\n\t\t\t\t\t\t<div class=\"elementor-element elementor-element-13159fbf elementor-widget elementor-widget-heading\" data-id=\"13159fbf\" data-element_type=\"widget\" data-e-type=\"widget\" data-widget_type=\"heading.default\">\n\t\t\t\t<div class=\"elementor-widget-container\">\n\t\t\t\t\t<h1 class=\"elementor-heading-title elementor-size-default\">Capodanno e Natale in Marocco<\/h1>\t\t\t\t<\/div>\n\t\t\t\t<\/div>\n\t\t\t\t<div class=\"elementor-element elementor-element-79cf028b elementor-widget elementor-widget-text-editor\" data-id=\"79cf028b\" data-element_type=\"widget\" data-e-type=\"widget\" data-widget_type=\"text-editor.default\">\n\t\t\t\t<div class=\"elementor-widget-container\">\n\t\t\t\t\t\t\t\t\t<p><span style=\"color: #000000;\">\u00a0Il Capodanno e il Natale in Marocco sono eventi popolari che i turisti celebrano in Marocco. Sono pochi i Paesi con societ\u00e0 islamiche in cui musulmani, ebrei e cristiani vivono in pace e si rispettano a vicenda. Capodanno e Natale non sono eventi significativi per i musulmani. Per varie ragioni, il Natale non \u00e8 riconosciuto nella maggior parte delle nazioni musulmane. Il primo motivo \u00e8 che le nazioni musulmane si attengono alle leggi islamiche. Queste leggi non permettono ai musulmani di celebrare festivit\u00e0 e rituali di altre fedi. Un altro motivo \u00e8 che i musulmani non credono che Ges\u00f9 sia il figlio di Dio. Pertanto, l&#8217;evento non trova posto nel calendario musulmano. Tuttavia, il Marocco \u00e8 un Paese estazionario anche se \u00e8 un Paese musulmano. \u00c8 un Paese in cui si possono trovare diversi riti e religioni, come l&#8217;Islam, il Cristianesimo e l&#8217;Ebraismo.<\/span><\/p>\t\t\t\t\t\t\t\t<\/div>\n\t\t\t\t<\/div>\n\t\t\t\t<div class=\"elementor-element elementor-element-2719621b elementor-widget elementor-widget-heading\" data-id=\"2719621b\" data-element_type=\"widget\" data-e-type=\"widget\" data-widget_type=\"heading.default\">\n\t\t\t\t<div class=\"elementor-widget-container\">\n\t\t\t\t\t<h2 class=\"elementor-heading-title elementor-size-default\">Capodanno e Natale in Marocco<\/h2>\t\t\t\t<\/div>\n\t\t\t\t<\/div>\n\t\t\t\t<div class=\"elementor-element elementor-element-702c358d elementor-widget elementor-widget-text-editor\" data-id=\"702c358d\" data-element_type=\"widget\" data-e-type=\"widget\" data-widget_type=\"text-editor.default\">\n\t\t\t\t<div class=\"elementor-widget-container\">\n\t\t\t\t\t\t\t\t\t<p><span style=\"color: #000000;\" data-preserver-spaces=\"true\">\u00a0Viaggiare in Marocco alla fine dell&#8217;anno \u00e8 molto popolare tra i visitatori che desiderano trascorrere il Capodanno e il Natale in Marocco. Il Marocco \u00e8 uno dei Paesi che \u00e8 stato occupato da diversi Paesi, come Francia, Spagna e Portogallo. Le loro influenze, soprattutto nel nord del Marocco, sono visibili ancora oggi. In alcune citt\u00e0, come Tangeri e Tetouan, si trovano chiese cristiane. \u00c8 un&#8217;occasione per assistere alla tradizionale Messa di mezzanotte durante le <strong>vacanze di Natale in Marocco<\/strong>. Nelle grandi citt\u00e0 come Casablanca, si possono trovare molte feste perch\u00e9 ci sono molti cittadini cristiani.\u00a0<\/span><\/p><p><span style=\"color: #000000;\">\u00a0I marocchini si impegnano al massimo per far trascorrere ai visitatori una piacevole vacanza natalizia in Marocco. Ristoranti e negozi sono aperti e offrono diversi <span style=\"color: #ff0000;\"><a style=\"color: #ff0000;\" href=\"https:\/\/moroccoinsightexcursions.com\/it\/piatti-tipici-marocchini\/\">piatti marocchini<\/a><\/span> e oggetti di artigianato. Anche negli hotel vengono organizzati diversi eventi di intrattenimento. Le strade sono piene di fuochi d&#8217;artificio, soprattutto a Capodanno. E per coloro che desiderano festeggiare il Capodanno nel deserto, vengono organizzate delle feste.<\/span><\/p>\t\t\t\t\t\t\t\t<\/div>\n\t\t\t\t<\/div>\n\t\t\t\t<div class=\"elementor-element elementor-element-41d094e elementor-widget elementor-widget-heading\" data-id=\"41d094e\" data-element_type=\"widget\" data-e-type=\"widget\" data-widget_type=\"heading.default\">\n\t\t\t\t<div class=\"elementor-widget-container\">\n\t\t\t\t\t<h2 class=\"elementor-heading-title elementor-size-default\">Come si presentano le vacanze di Natale in Marocco?<\/h2>\t\t\t\t<\/div>\n\t\t\t\t<\/div>\n\t\t\t\t<div class=\"elementor-element elementor-element-243759b4 elementor-widget elementor-widget-text-editor\" data-id=\"243759b4\" data-element_type=\"widget\" data-e-type=\"widget\" data-widget_type=\"text-editor.default\">\n\t\t\t\t<div class=\"elementor-widget-container\">\n\t\t\t\t\t\t\t\t\t<p><span style=\"color: #000000;\">\u00a0Molti turisti provenienti da diversi Paesi si recano in Marocco a Capodanno e a Natale. Le tracce di questi eventi si trovano nella maggior parte delle citt\u00e0 turistiche, come Casablanca, Marrakech, Agadir, Rabat e Tangeri. Tuttavia, al di fuori delle citt\u00e0, non c&#8217;\u00e8 traccia del Natale. Questo giorno speciale \u00e8 normale in queste zone rurali. La maggior parte delle decorazioni e delle celebrazioni natalizie in Marocco hanno un sapore europeo. \u00c8 possibile vedere decorazioni natalizie nei centri commerciali. In questi centri commerciali troverete anche luci natalizie, alberi di Natale e Babbo Natale. La maggior parte dei giovani marocchini festeggia il nuovo anno in modo unico. Lo festeggiano in uno dei festival che includono musica e canzoni.<\/span><\/p>\t\t\t\t\t\t\t\t<\/div>\n\t\t\t\t<\/div>\n\t\t\t\t<div class=\"elementor-element elementor-element-76d29ef6 elementor-widget elementor-widget-heading\" data-id=\"76d29ef6\" data-element_type=\"widget\" data-e-type=\"widget\" data-widget_type=\"heading.default\">\n\t\t\t\t<div class=\"elementor-widget-container\">\n\t\t\t\t\t<h2 class=\"elementor-heading-title elementor-size-default\">Vacanze di Natale e Capodanno in Marocco\n<\/h2>\t\t\t\t<\/div>\n\t\t\t\t<\/div>\n\t\t\t\t<div class=\"elementor-element elementor-element-459677cf elementor-widget elementor-widget-text-editor\" data-id=\"459677cf\" data-element_type=\"widget\" data-e-type=\"widget\" data-widget_type=\"text-editor.default\">\n\t\t\t\t<div class=\"elementor-widget-container\">\n\t\t\t\t\t\t\t\t\t<p><span style=\"color: #000000;\">\u00a0Se state programmando una vacanza natalizia e volete trascorrere la notte di Capodanno nel deserto, date un&#8217;occhiata a questo viaggio. Ma se avete dei suggerimenti da darci, potete contattarci.<\/span><\/p><h6><strong><span style=\"color: #000000;\">Giorno 1: Arrivo a Marrakech<\/span><\/strong><\/h6><p><span style=\"color: #000000;\">\u00a0Verremo a prendervi all&#8217;aeroporto di Marrakech in base all&#8217;orario di arrivo. Poi, ci trasferiremo al Riad dove trascorreremo la notte. Avrete tempo libero per avere un primo contatto con la citt\u00e0 rossa, soprattutto per godervi la magica notte nella piazza Jemma El Fna. Una notte in un Riad nella Medina vicino alla piazza.<\/span><\/p><h6><strong><span style=\"color: #000000;\">Giorno 2 : Da Marrakech, Ouarzazate, Skoura alle Gole del Dades<\/span><\/strong><\/h6><p><span style=\"color: #000000;\">\u00a0Dopo una deliziosa colazione, vi aspettiamo al vostro Riad. Poi lasceremo Marrakech e attraverseremo le montagne dell&#8217;Alto Atlante. Faremo una sosta emozionante alla Kasbah Ait Ben Haddou, molto attraente per i visitatori. Dopo questa esperienza, continueremo il nostro viaggio verso Ouarzazate, chiamata anche &#8220;La porta del deserto&#8221;. Qui ci fermeremo per gustare un pranzo marocchino. In seguito, proseguiremo verso la Valle di Rosas e le Gole del Dades. Trascorreremo la notte nella Valle del Dades, con cena e colazione incluse.<\/span><\/p><h6><strong><span style=\"color: #000000;\">Giorno 3 : Dalle Gole del Todra, Erfoud al deserto di Merzouga<\/span><\/strong><\/h6><p><span style=\"color: #000000;\">\u00a0Dopo la prima colazione, si parte dalla Valle del Dades per raggiungere le Gole del Todra. Qui si potranno ammirare diversi panorami di rocce coscia a fianco di un fiume. Durante il tragitto faremo una sosta per il pranzo in uno dei villaggi. Pi\u00f9 tardi, raggiungeremo Erfoud e il grande momento \u00e8 arrivato! Arriveremo al vostro Riad\/hotel per una notte di fantasia nel deserto, con cena e colazione incluse.<\/span><\/p><h6><strong><span style=\"color: #000000;\">Giorno 4: escursione nel deserto di Merzouga<\/span><\/strong><\/h6><p><span style=\"color: #000000;\">\u00a0Dopo la colazione, inizierete <a href=\"https:\/\/moroccoinsightexcursions.com\/it\/escursioni-cammello-merzouga\/\"><span style=\"color: #ff0000;\">un&#8217;escursione nel deserto<\/span><\/a> in 4\u00d74. Visiterete gli autentici nomadi del deserto. Potrete gustare il loro cibo locale e ascoltare musica a Khamlia e visitare altri luoghi del deserto. A met\u00e0 pomeriggio, inizierete la vostra escursione a dorso di cammello per trascorrere la notte in un accampamento nel deserto. Trascorrerete una notte eccezionale nel cuore del deserto. Il deserto \u00e8 uno dei luoghi migliori dove trascorrere il Natale o il Capodanno in Marocco. La cena e la colazione sono incluse nell&#8217;accampamento.<\/span><\/p><h6><strong><span style=\"color: #000000;\">Giorno 5: Da Merzouga, Rissani, Ouarzazate a <a href=\"https:\/\/it.wikipedia.org\/wiki\/Marrakech\">Marrakech<\/a><\/span><\/strong><\/h6><p><span style=\"color: #000000;\">\u00a0Dopo la prima colazione, si parte per il palmeto di Tafilalet passando per la citt\u00e0 di Rissani. \u00c8 la dinastia alauita e la capitale degli antichi sultani. Ci dirigeremo verso Alnif, l&#8217;oasi di Tazzarine e Nkob. Poi, ci sposteremo a Ouarzazate attraverso la Valle del Draa e le montagne dell&#8217;Ati-Atlas. Alla fine della giornata arriveremo a Marrakech e vi lasceremo al vostro alloggio.<\/span><\/p><h6><strong><span style=\"color: #000000;\">6\u00b0 giorno: visita guidata a Marrakech<\/span><\/strong><\/h6><p><span style=\"color: #000000;\">\u00a0Dopo la colazione nel riad, incontrerete la nostra guida locale per godervi una visita guidata per le strade della vecchia Medina. Durante questo tour, visiterete il Palazzo della Bah\u00eda, la piazza delle specie e gli angoli emblematici della citt\u00e0. Ci sono molte <span style=\"color: #ff0000;\"><a style=\"color: #ff0000;\" href=\"https:\/\/moroccoinsightexcursions.com\/it\/cosa-vedere-a-marrakech\/\">cose da visitare e da fare a Marrakech<\/a><\/span>. Dopo di che, vi godrete il vostro tempo libero, facendo shopping e curiosando tra i prodotti locali. Potete anche trascorrere il <strong>Natale a Marrakech<\/strong>. \u00c8 una delle principali citt\u00e0 in cui i turisti trascorrono questo evento.<\/span><\/p><h6><strong><span style=\"color: #000000;\">7\u00b0 giorno: da Marrakech a Essaouira<\/span><\/strong><\/h6><p><span style=\"color: #000000;\">\u00a0Si parte da Marrakech verso la citt\u00e0 di Essaouira. Questa citt\u00e0 era conosciuta in passato come Mogador. Essaouira ha visto il passaggio di molte civilt\u00e0. Si tratta di romani, portoghesi, arabi e berberi. Grazie a questa storia, ha conservato numerosi punti di riferimento di queste influenze. A Essaouira trascorrerete un&#8217;intera giornata nella sua vecchia medina con le fortificazioni portoghesi del XVIII secolo e l&#8217;artigianato locale.<\/span><\/p><h6><strong><span style=\"color: #000000;\">8\u00b0 giorno: aeroporto di Casablanca<\/span><\/strong><\/h6><p><span style=\"color: #000000;\">\u00a0Dopo aver fatto colazione, ci trasferiamo all&#8217;aeroporto in base all&#8217;orario del volo. L&#8217;aeroporto di Casablanca \u00e8 uno dei pi\u00f9 trafficati. Vi accompagneremo in aeroporto 3 ore prima del volo. La vostra vacanza di Natale in Marocco termina qui.<\/span><\/p>\t\t\t\t\t\t\t\t<\/div>\n\t\t\t\t<\/div>\n\t\t\t\t\t<\/div>\n\t\t<\/div>\n\t\t\t\t\t<\/div>\n\t\t<\/section>\n\t\t\t\t<\/div>\n\t\t","protected":false},"excerpt":{"rendered":"<p>Capodanno e Natale in Marocco &nbsp;Il Capodanno e il Natale in Marocco sono eventi popolari che i turisti celebrano in Marocco. Sono pochi i Paesi con societ\u00e0 islamiche in cui musulmani, ebrei e cristiani vivono in pace e si rispettano &hellip; <a href=\"https:\/\/moroccoinsightexcursions.com\/it\/capodanno-e-natale-in-marocco\/\">Read More<\/a><\/p>\n","protected":false},"author":1,"featured_media":2637,"parent":0,"menu_order":0,"comment_status":"closed","ping_status":"closed","template":"","meta":{"_joinchat":[],"footnotes":""},"class_list":["post-2635","page","type-page","status-publish","has-post-thumbnail","hentry"],"yoast_head":"<!-- This site is optimized with the Yoast SEO plugin v27.3 - https:\/\/yoast.com\/product\/yoast-seo-wordpress\/ -->\n<title>Capodanno e Natale in Marocco | Morocco Insight Excursions<\/title>\n<meta name=\"description\" content=\"Passare il Capodanno e il Natale in Marocco. Viaggio in Marocco a dicembre per vivere nuovo anno in Marocco e Natale in Merzouga deserto\" \/>\n<meta name=\"robots\" content=\"index, follow, max-snippet:-1, max-image-preview:large, max-video-preview:-1\" \/>\n<link rel=\"canonical\" href=\"https:\/\/moroccoinsightexcursions.com\/it\/capodanno-e-natale-in-marocco\/\" \/>\n<meta property=\"og:locale\" content=\"it_IT\" \/>\n<meta property=\"og:type\" content=\"article\" \/>\n<meta property=\"og:title\" content=\"Capodanno e Natale in Marocco | Morocco Insight Excursions\" \/>\n<meta property=\"og:description\" content=\"Passare il Capodanno e il Natale in Marocco. Viaggio in Marocco a dicembre per vivere nuovo anno in Marocco e Natale in Merzouga deserto\" \/>\n<meta property=\"og:url\" content=\"https:\/\/moroccoinsightexcursions.com\/it\/capodanno-e-natale-in-marocco\/\" \/>\n<meta property=\"og:site_name\" content=\"Morocco Insight Excursions\" \/>\n<meta property=\"article:publisher\" content=\"https:\/\/www.facebook.com\/moroccoinsightexcursions\" \/>\n<meta property=\"article:modified_time\" content=\"2023-02-24T15:28:17+00:00\" \/>\n<meta property=\"og:image\" content=\"https:\/\/moroccoinsightexcursions.com\/it\/wp-content\/uploads\/2023\/02\/Christmas-in-Morocco.jpg\" \/>\n\t<meta property=\"og:image:width\" content=\"945\" \/>\n\t<meta property=\"og:image:height\" content=\"630\" \/>\n\t<meta property=\"og:image:type\" content=\"image\/jpeg\" \/>\n<meta name=\"twitter:card\" content=\"summary_large_image\" \/>\n<meta name=\"twitter:site\" content=\"@Web_Tours\" \/>\n<meta name=\"twitter:label1\" content=\"Tempo di lettura stimato\" \/>\n\t<meta name=\"twitter:data1\" content=\"6 minuti\" \/>\n<script type=\"application\/ld+json\" class=\"yoast-schema-graph\">{\"@context\":\"https:\\\/\\\/schema.org\",\"@graph\":[{\"@type\":\"WebPage\",\"@id\":\"https:\\\/\\\/moroccoinsightexcursions.com\\\/it\\\/capodanno-e-natale-in-marocco\\\/\",\"url\":\"https:\\\/\\\/moroccoinsightexcursions.com\\\/it\\\/capodanno-e-natale-in-marocco\\\/\",\"name\":\"Capodanno e Natale in Marocco | Morocco Insight Excursions\",\"isPartOf\":{\"@id\":\"https:\\\/\\\/moroccoinsightexcursions.com\\\/it\\\/#website\"},\"primaryImageOfPage\":{\"@id\":\"https:\\\/\\\/moroccoinsightexcursions.com\\\/it\\\/capodanno-e-natale-in-marocco\\\/#primaryimage\"},\"image\":{\"@id\":\"https:\\\/\\\/moroccoinsightexcursions.com\\\/it\\\/capodanno-e-natale-in-marocco\\\/#primaryimage\"},\"thumbnailUrl\":\"https:\\\/\\\/moroccoinsightexcursions.com\\\/it\\\/wp-content\\\/uploads\\\/2023\\\/02\\\/Christmas-in-Morocco.jpg\",\"datePublished\":\"2023-02-24T14:57:23+00:00\",\"dateModified\":\"2023-02-24T15:28:17+00:00\",\"description\":\"Passare il Capodanno e il Natale in Marocco. Viaggio in Marocco a dicembre per vivere nuovo anno in Marocco e Natale in Merzouga deserto\",\"breadcrumb\":{\"@id\":\"https:\\\/\\\/moroccoinsightexcursions.com\\\/it\\\/capodanno-e-natale-in-marocco\\\/#breadcrumb\"},\"inLanguage\":\"it-IT\",\"potentialAction\":[{\"@type\":\"ReadAction\",\"target\":[\"https:\\\/\\\/moroccoinsightexcursions.com\\\/it\\\/capodanno-e-natale-in-marocco\\\/\"]}]},{\"@type\":\"ImageObject\",\"inLanguage\":\"it-IT\",\"@id\":\"https:\\\/\\\/moroccoinsightexcursions.com\\\/it\\\/capodanno-e-natale-in-marocco\\\/#primaryimage\",\"url\":\"https:\\\/\\\/moroccoinsightexcursions.com\\\/it\\\/wp-content\\\/uploads\\\/2023\\\/02\\\/Christmas-in-Morocco.jpg\",\"contentUrl\":\"https:\\\/\\\/moroccoinsightexcursions.com\\\/it\\\/wp-content\\\/uploads\\\/2023\\\/02\\\/Christmas-in-Morocco.jpg\",\"width\":945,\"height\":630,\"caption\":\"Capodanno e Natale in Marocco\"},{\"@type\":\"BreadcrumbList\",\"@id\":\"https:\\\/\\\/moroccoinsightexcursions.com\\\/it\\\/capodanno-e-natale-in-marocco\\\/#breadcrumb\",\"itemListElement\":[{\"@type\":\"ListItem\",\"position\":1,\"name\":\"Home\",\"item\":\"https:\\\/\\\/moroccoinsightexcursions.com\\\/it\\\/\"},{\"@type\":\"ListItem\",\"position\":2,\"name\":\"Capodanno e Natale in Marocco\"}]},{\"@type\":\"WebSite\",\"@id\":\"https:\\\/\\\/moroccoinsightexcursions.com\\\/it\\\/#website\",\"url\":\"https:\\\/\\\/moroccoinsightexcursions.com\\\/it\\\/\",\"name\":\"Morocco Insight Excursions\",\"description\":\"Agenzia di viaggi in Marocco\",\"publisher\":{\"@id\":\"https:\\\/\\\/moroccoinsightexcursions.com\\\/it\\\/#\\\/schema\\\/person\\\/f263e53f3d9c65bd27519f58c751c64f\"},\"alternateName\":\"tour nel deserto del marocco\",\"potentialAction\":[{\"@type\":\"SearchAction\",\"target\":{\"@type\":\"EntryPoint\",\"urlTemplate\":\"https:\\\/\\\/moroccoinsightexcursions.com\\\/it\\\/?s={search_term_string}\"},\"query-input\":{\"@type\":\"PropertyValueSpecification\",\"valueRequired\":true,\"valueName\":\"search_term_string\"}}],\"inLanguage\":\"it-IT\"},{\"@type\":[\"Person\",\"Organization\"],\"@id\":\"https:\\\/\\\/moroccoinsightexcursions.com\\\/it\\\/#\\\/schema\\\/person\\\/f263e53f3d9c65bd27519f58c751c64f\",\"name\":\"Moha\",\"image\":{\"@type\":\"ImageObject\",\"inLanguage\":\"it-IT\",\"@id\":\"https:\\\/\\\/moroccoinsightexcursions.com\\\/it\\\/wp-content\\\/uploads\\\/2023\\\/01\\\/cropped-Morocco_Logo_Color-300x155-1.png\",\"url\":\"https:\\\/\\\/moroccoinsightexcursions.com\\\/it\\\/wp-content\\\/uploads\\\/2023\\\/01\\\/cropped-Morocco_Logo_Color-300x155-1.png\",\"contentUrl\":\"https:\\\/\\\/moroccoinsightexcursions.com\\\/it\\\/wp-content\\\/uploads\\\/2023\\\/01\\\/cropped-Morocco_Logo_Color-300x155-1.png\",\"width\":300,\"height\":155,\"caption\":\"Moha\"},\"logo\":{\"@id\":\"https:\\\/\\\/moroccoinsightexcursions.com\\\/it\\\/wp-content\\\/uploads\\\/2023\\\/01\\\/cropped-Morocco_Logo_Color-300x155-1.png\"},\"sameAs\":[\"https:\\\/\\\/moroccoinsightexcursions.com\\\/it\",\"https:\\\/\\\/www.facebook.com\\\/moroccoinsightexcursions\",\"https:\\\/\\\/www.instagram.com\\\/moroccoinsightexcursions\\\/\",\"https:\\\/\\\/www.pinterest.com\\\/moroccoinsightexcursions\\\/\",\"https:\\\/\\\/x.com\\\/https:\\\/\\\/twitter.com\\\/Web_Tours\"]}]}<\/script>\n<!-- \/ Yoast SEO plugin. -->","yoast_head_json":{"title":"Capodanno e Natale in Marocco | Morocco Insight Excursions","description":"Passare il Capodanno e il Natale in Marocco. Viaggio in Marocco a dicembre per vivere nuovo anno in Marocco e Natale in Merzouga deserto","robots":{"index":"index","follow":"follow","max-snippet":"max-snippet:-1","max-image-preview":"max-image-preview:large","max-video-preview":"max-video-preview:-1"},"canonical":"https:\/\/moroccoinsightexcursions.com\/it\/capodanno-e-natale-in-marocco\/","og_locale":"it_IT","og_type":"article","og_title":"Capodanno e Natale in Marocco | Morocco Insight Excursions","og_description":"Passare il Capodanno e il Natale in Marocco. Viaggio in Marocco a dicembre per vivere nuovo anno in Marocco e Natale in Merzouga deserto","og_url":"https:\/\/moroccoinsightexcursions.com\/it\/capodanno-e-natale-in-marocco\/","og_site_name":"Morocco Insight Excursions","article_publisher":"https:\/\/www.facebook.com\/moroccoinsightexcursions","article_modified_time":"2023-02-24T15:28:17+00:00","og_image":[{"width":945,"height":630,"url":"https:\/\/moroccoinsightexcursions.com\/it\/wp-content\/uploads\/2023\/02\/Christmas-in-Morocco.jpg","type":"image\/jpeg"}],"twitter_card":"summary_large_image","twitter_site":"@Web_Tours","twitter_misc":{"Tempo di lettura stimato":"6 minuti"},"schema":{"@context":"https:\/\/schema.org","@graph":[{"@type":"WebPage","@id":"https:\/\/moroccoinsightexcursions.com\/it\/capodanno-e-natale-in-marocco\/","url":"https:\/\/moroccoinsightexcursions.com\/it\/capodanno-e-natale-in-marocco\/","name":"Capodanno e Natale in Marocco | Morocco Insight Excursions","isPartOf":{"@id":"https:\/\/moroccoinsightexcursions.com\/it\/#website"},"primaryImageOfPage":{"@id":"https:\/\/moroccoinsightexcursions.com\/it\/capodanno-e-natale-in-marocco\/#primaryimage"},"image":{"@id":"https:\/\/moroccoinsightexcursions.com\/it\/capodanno-e-natale-in-marocco\/#primaryimage"},"thumbnailUrl":"https:\/\/moroccoinsightexcursions.com\/it\/wp-content\/uploads\/2023\/02\/Christmas-in-Morocco.jpg","datePublished":"2023-02-24T14:57:23+00:00","dateModified":"2023-02-24T15:28:17+00:00","description":"Passare il Capodanno e il Natale in Marocco. Viaggio in Marocco a dicembre per vivere nuovo anno in Marocco e Natale in Merzouga deserto","breadcrumb":{"@id":"https:\/\/moroccoinsightexcursions.com\/it\/capodanno-e-natale-in-marocco\/#breadcrumb"},"inLanguage":"it-IT","potentialAction":[{"@type":"ReadAction","target":["https:\/\/moroccoinsightexcursions.com\/it\/capodanno-e-natale-in-marocco\/"]}]},{"@type":"ImageObject","inLanguage":"it-IT","@id":"https:\/\/moroccoinsightexcursions.com\/it\/capodanno-e-natale-in-marocco\/#primaryimage","url":"https:\/\/moroccoinsightexcursions.com\/it\/wp-content\/uploads\/2023\/02\/Christmas-in-Morocco.jpg","contentUrl":"https:\/\/moroccoinsightexcursions.com\/it\/wp-content\/uploads\/2023\/02\/Christmas-in-Morocco.jpg","width":945,"height":630,"caption":"Capodanno e Natale in Marocco"},{"@type":"BreadcrumbList","@id":"https:\/\/moroccoinsightexcursions.com\/it\/capodanno-e-natale-in-marocco\/#breadcrumb","itemListElement":[{"@type":"ListItem","position":1,"name":"Home","item":"https:\/\/moroccoinsightexcursions.com\/it\/"},{"@type":"ListItem","position":2,"name":"Capodanno e Natale in Marocco"}]},{"@type":"WebSite","@id":"https:\/\/moroccoinsightexcursions.com\/it\/#website","url":"https:\/\/moroccoinsightexcursions.com\/it\/","name":"Morocco Insight Excursions","description":"Agenzia di viaggi in Marocco","publisher":{"@id":"https:\/\/moroccoinsightexcursions.com\/it\/#\/schema\/person\/f263e53f3d9c65bd27519f58c751c64f"},"alternateName":"tour nel deserto del marocco","potentialAction":[{"@type":"SearchAction","target":{"@type":"EntryPoint","urlTemplate":"https:\/\/moroccoinsightexcursions.com\/it\/?s={search_term_string}"},"query-input":{"@type":"PropertyValueSpecification","valueRequired":true,"valueName":"search_term_string"}}],"inLanguage":"it-IT"},{"@type":["Person","Organization"],"@id":"https:\/\/moroccoinsightexcursions.com\/it\/#\/schema\/person\/f263e53f3d9c65bd27519f58c751c64f","name":"Moha","image":{"@type":"ImageObject","inLanguage":"it-IT","@id":"https:\/\/moroccoinsightexcursions.com\/it\/wp-content\/uploads\/2023\/01\/cropped-Morocco_Logo_Color-300x155-1.png","url":"https:\/\/moroccoinsightexcursions.com\/it\/wp-content\/uploads\/2023\/01\/cropped-Morocco_Logo_Color-300x155-1.png","contentUrl":"https:\/\/moroccoinsightexcursions.com\/it\/wp-content\/uploads\/2023\/01\/cropped-Morocco_Logo_Color-300x155-1.png","width":300,"height":155,"caption":"Moha"},"logo":{"@id":"https:\/\/moroccoinsightexcursions.com\/it\/wp-content\/uploads\/2023\/01\/cropped-Morocco_Logo_Color-300x155-1.png"},"sameAs":["https:\/\/moroccoinsightexcursions.com\/it","https:\/\/www.facebook.com\/moroccoinsightexcursions","https:\/\/www.instagram.com\/moroccoinsightexcursions\/","https:\/\/www.pinterest.com\/moroccoinsightexcursions\/","https:\/\/x.com\/https:\/\/twitter.com\/Web_Tours"]}]}},"_links":{"self":[{"href":"https:\/\/moroccoinsightexcursions.com\/it\/wp-json\/wp\/v2\/pages\/2635","targetHints":{"allow":["GET"]}}],"collection":[{"href":"https:\/\/moroccoinsightexcursions.com\/it\/wp-json\/wp\/v2\/pages"}],"about":[{"href":"https:\/\/moroccoinsightexcursions.com\/it\/wp-json\/wp\/v2\/types\/page"}],"author":[{"embeddable":true,"href":"https:\/\/moroccoinsightexcursions.com\/it\/wp-json\/wp\/v2\/users\/1"}],"replies":[{"embeddable":true,"href":"https:\/\/moroccoinsightexcursions.com\/it\/wp-json\/wp\/v2\/comments?post=2635"}],"version-history":[{"count":36,"href":"https:\/\/moroccoinsightexcursions.com\/it\/wp-json\/wp\/v2\/pages\/2635\/revisions"}],"predecessor-version":[{"id":2677,"href":"https:\/\/moroccoinsightexcursions.com\/it\/wp-json\/wp\/v2\/pages\/2635\/revisions\/2677"}],"wp:featuredmedia":[{"embeddable":true,"href":"https:\/\/moroccoinsightexcursions.com\/it\/wp-json\/wp\/v2\/media\/2637"}],"wp:attachment":[{"href":"https:\/\/moroccoinsightexcursions.com\/it\/wp-json\/wp\/v2\/media?parent=2635"}],"curies":[{"name":"wp","href":"https:\/\/api.w.org\/{rel}","templated":true}]}}