{"id":633,"date":"2023-01-30T19:47:53","date_gmt":"2023-01-30T19:47:53","guid":{"rendered":"https:\/\/moroccoinsightexcursions.com\/it\/?page_id=633"},"modified":"2024-05-12T20:59:17","modified_gmt":"2024-05-12T20:59:17","slug":"escursioni-cammello-merzouga","status":"publish","type":"page","link":"https:\/\/moroccoinsightexcursions.com\/it\/escursioni-cammello-merzouga\/","title":{"rendered":"Escursioni Cammello"},"content":{"rendered":"\t\t<div data-elementor-type=\"wp-page\" data-elementor-id=\"633\" class=\"elementor elementor-633\">\n\t\t\t\t\t\t<section class=\"elementor-section elementor-top-section elementor-element elementor-element-a1f918c elementor-section-height-min-height elementor-section-stretched elementor-section-full_width elementor-section-height-default elementor-section-items-middle\" data-id=\"a1f918c\" data-element_type=\"section\" data-e-type=\"section\" data-settings=\"{&quot;background_background&quot;:&quot;slideshow&quot;,&quot;background_slideshow_gallery&quot;:[{&quot;id&quot;:637,&quot;url&quot;:&quot;https:\\\/\\\/moroccoinsightexcursions.com\\\/it\\\/wp-content\\\/uploads\\\/2023\\\/01\\\/Morocco-camel-trekking-trip.jpg&quot;}],&quot;background_slideshow_slide_duration&quot;:2000,&quot;background_slideshow_transition_duration&quot;:2000,&quot;stretch_section&quot;:&quot;section-stretched&quot;,&quot;background_slideshow_slide_transition&quot;:&quot;fade&quot;}\">\n\t\t\t\t\t\t\t<div class=\"elementor-background-overlay\"><\/div>\n\t\t\t\t\t\t\t<div class=\"elementor-container elementor-column-gap-no\">\n\t\t\t\t\t<div class=\"elementor-column elementor-col-100 elementor-top-column elementor-element elementor-element-227acef2\" data-id=\"227acef2\" data-element_type=\"column\" data-e-type=\"column\">\n\t\t\t<div class=\"elementor-widget-wrap\">\n\t\t\t\t\t\t\t<\/div>\n\t\t<\/div>\n\t\t\t\t\t<\/div>\n\t\t<\/section>\n\t\t\t\t<section class=\"elementor-section elementor-top-section elementor-element elementor-element-51de8266 elementor-section-stretched elementor-section-boxed elementor-section-height-default elementor-section-height-default\" data-id=\"51de8266\" data-element_type=\"section\" data-e-type=\"section\" data-settings=\"{&quot;background_background&quot;:&quot;gradient&quot;,&quot;stretch_section&quot;:&quot;section-stretched&quot;}\">\n\t\t\t\t\t\t<div class=\"elementor-container elementor-column-gap-default\">\n\t\t\t\t\t<div class=\"elementor-column elementor-col-100 elementor-top-column elementor-element elementor-element-19542dd6\" data-id=\"19542dd6\" data-element_type=\"column\" data-e-type=\"column\">\n\t\t\t<div class=\"elementor-widget-wrap elementor-element-populated\">\n\t\t\t\t\t\t<div class=\"elementor-element elementor-element-4be67529 elementor-widget elementor-widget-heading\" data-id=\"4be67529\" data-element_type=\"widget\" data-e-type=\"widget\" data-widget_type=\"heading.default\">\n\t\t\t\t<div class=\"elementor-widget-container\">\n\t\t\t\t\t<h1 class=\"elementor-heading-title elementor-size-default\">Escursioni in cammello a Merzouga<\/h1>\t\t\t\t<\/div>\n\t\t\t\t<\/div>\n\t\t\t\t<div class=\"elementor-element elementor-element-476bfba2 elementor-widget elementor-widget-text-editor\" data-id=\"476bfba2\" data-element_type=\"widget\" data-e-type=\"widget\" data-widget_type=\"text-editor.default\">\n\t\t\t\t<div class=\"elementor-widget-container\">\n\t\t\t\t\t\t\t\t\t<p><span style=\"color: #000000;\">\u00c8 impossibile viaggiare in Marocco senza visitare il deserto. Il Sahara di Er Chebbi \u00e8 una destinazione turistica popolare che attira viaggiatori da tutto il mondo. Sono molte le <span style=\"color: #ff0000;\"><a style=\"color: #ff0000;\" href=\"https:\/\/moroccoinsightexcursions.com\/it\/\">attivit\u00e0 nel deserto<\/a><\/span> organizzate per scoprire il deserto nascosto attraverso le sue dune dorate e il deserto nero. Ad esempio, \u00e8 possibile guidare quad o buggy e fare escursioni nel deserto in 4&#215;4. Naturalmente, tutto ci\u00f2 offre la possibilit\u00e0 di scoprire cosa c&#8217;\u00e8 nel deserto. Tuttavia,Le escursioni in cammello a Merzouga sono la migliore attivit\u00e0 da sperimentare. Unisce cultura e natura. Il trekking a dorso di cammello permette anche di sperimentare il mezzo di trasporto dei nomadi. Viaggiate come mai prima d&#8217;ora e tornate a un&#8217;epoca diversa.<\/span><\/p><p><span style=\"color: #000000;\">In Merzouga, offriamo la possibilit\u00e0 di effettuare escursioni in cammello in base alle vostre esigenze. Organizziamo viaggi di cammello di un giorno o di pi\u00f9 giorni. Per esempio, c&#8217;\u00e8 un programma di un giorno in cui visiterete i nomadi al confine e pranzerete l\u00ec (pizza berbera), per poi tornare in serata. Inoltre, offriamo un&#8217;escursione di <strong>2 giorni a dorso di cammello<\/strong>. In questo caso, trascorrerete una notte al campo e visiterete i nomadi il giorno successivo. Il pranzo \u00e8 incluso e tornerete in hotel la sera. Infine, \u00e8 previsto un<strong> viaggio di 3 giorni nel deserto<\/strong>. Una notte sar\u00e0 al campo. L&#8217;altro giorno, dopo colazione, si continua il viaggio verso i nomadi. Un&#8217;altra notte \u00e8 con loro e si esplora la zona per poi tornare in hotel il giorno successivo. La doccia \u00e8 in hotel.<\/span><\/p>\t\t\t\t\t\t\t\t<\/div>\n\t\t\t\t<\/div>\n\t\t\t\t<div class=\"elementor-element elementor-element-7ab060 elementor-widget elementor-widget-heading\" data-id=\"7ab060\" data-element_type=\"widget\" data-e-type=\"widget\" data-widget_type=\"heading.default\">\n\t\t\t\t<div class=\"elementor-widget-container\">\n\t\t\t\t\t<h2 class=\"elementor-heading-title elementor-size-default\">Escursione di un giorno in cammello presso i Nomadi<\/h2>\t\t\t\t<\/div>\n\t\t\t\t<\/div>\n\t\t\t\t<div class=\"elementor-element elementor-element-1fe16c87 elementor-widget elementor-widget-text-editor\" data-id=\"1fe16c87\" data-element_type=\"widget\" data-e-type=\"widget\" data-widget_type=\"text-editor.default\">\n\t\t\t\t<div class=\"elementor-widget-container\">\n\t\t\t\t\t\t\t\t\t<p><span style=\"color: #000000;\">L&#8217;escursione di un giorno inizier\u00e0 al mattino dal vostro alloggio. Salirete in groppa ai cammelli e viaggerete attraverso le dune. La vostra guida a dorso di cammello si fermer\u00e0 in qualsiasi punto in cui vogliate fare delle foto. Scoprirete la zona delle famiglie nomadi che vivono in tende fatte a mano. Avrete tempo a sufficienza per gustare la pizza berbera per pranzo. In serata, il ritorno avverr\u00e0 in modo diverso. Inoltre, c&#8217;\u00e8 tempo a sufficienza per ammirare la splendida vista del tramonto sulla cima delle dune. Infine, il viaggio di <strong>trekking in cammello in Marocco<\/strong> termina dopo l&#8217;arrivo in hotel.<\/span><\/p>\t\t\t\t\t\t\t\t<\/div>\n\t\t\t\t<\/div>\n\t\t\t\t<div class=\"elementor-element elementor-element-2ae648c elementor-widget elementor-widget-heading\" data-id=\"2ae648c\" data-element_type=\"widget\" data-e-type=\"widget\" data-widget_type=\"heading.default\">\n\t\t\t\t<div class=\"elementor-widget-container\">\n\t\t\t\t\t<h3 class=\"elementor-heading-title elementor-size-default\">Una notte al Campo <\/h3>\t\t\t\t<\/div>\n\t\t\t\t<\/div>\n\t\t\t\t<div class=\"elementor-element elementor-element-246d517b elementor-widget elementor-widget-text-editor\" data-id=\"246d517b\" data-element_type=\"widget\" data-e-type=\"widget\" data-widget_type=\"text-editor.default\">\n\t\t\t\t<div class=\"elementor-widget-container\">\n\t\t\t\t\t\t\t\t\t<p><span style=\"color: #000000;\">Questa \u00e8 un&#8217;altra possibilit\u00e0 per trascorrere una notte al campo. Organizziamo la gita in cammello partendo dal vostro alloggio vicino alle dune. Il cammello sar\u00e0 quindi equipaggiato con tutto il necessario e il viaggio inizier\u00e0 nel tardo pomeriggio. Ci vorranno circa 1:30 ore per raggiungere il campo. \u00c8 un&#8217;ottima occasione per ammirare il tramonto, il cielo stellato, la Via Lattea e l&#8217;alba. Dopo aver gustato un cibo delizioso, la gente del posto vi intratterr\u00e0 con la musica intorno al fuoco. Speriamo che il tempo sia sereno per godersi l&#8217;alba e tornare in cammello o in 4&#215;4. La colazione e la doccia saranno in hotel.<\/span><\/p>\t\t\t\t\t\t\t\t<\/div>\n\t\t\t\t<\/div>\n\t\t\t\t<div class=\"elementor-element elementor-element-46b6bb70 elementor-widget elementor-widget-heading\" data-id=\"46b6bb70\" data-element_type=\"widget\" data-e-type=\"widget\" data-widget_type=\"heading.default\">\n\t\t\t\t<div class=\"elementor-widget-container\">\n\t\t\t\t\t<h4 class=\"elementor-heading-title elementor-size-default\">2 giorni di viaggio a cammello attraverso il campo e i nomadi<\/h4>\t\t\t\t<\/div>\n\t\t\t\t<\/div>\n\t\t\t\t<div class=\"elementor-element elementor-element-61bf0bd elementor-widget elementor-widget-text-editor\" data-id=\"61bf0bd\" data-element_type=\"widget\" data-e-type=\"widget\" data-widget_type=\"text-editor.default\">\n\t\t\t\t<div class=\"elementor-widget-container\">\n\t\t\t\t\t\t\t\t\t<p><span style=\"color: #000000;\">L&#8217;escursione inizier\u00e0 la sera dall&#8217;hotel o dal Riad. Attraversate le dune e godetevi la tranquillit\u00e0 del deserto. La guida di cammelli si fermer\u00e0 in mezzo alle dune per ammirare un magico tramonto. Inoltre, c&#8217;\u00e8 la possibilit\u00e0 di sperimentare il sandboarding. Dopo la cena al campo, sarete intrattenuti dalla musica intorno al fuoco e godrete della vostra notte sotto il cielo stellato. Il giorno successivo, dopo colazione, vi sposterete dai nomadi. La semplicit\u00e0 e il sorriso dei nomadi porteranno la felicit\u00e0 nel vostro cuore. A pranzo, potrete gustare il t\u00e8 berbero alla pizza e ammirare il panorama del deserto nero. In seguito, potrete godervi il tramonto sulla strada per l&#8217;hotel.<\/span><\/p>\t\t\t\t\t\t\t\t<\/div>\n\t\t\t\t<\/div>\n\t\t\t\t<div class=\"elementor-element elementor-element-788478f6 elementor-widget elementor-widget-heading\" data-id=\"788478f6\" data-element_type=\"widget\" data-e-type=\"widget\" data-widget_type=\"heading.default\">\n\t\t\t\t<div class=\"elementor-widget-container\">\n\t\t\t\t\t<h5 class=\"elementor-heading-title elementor-size-default\">3 giorni di escursione a cammello e 4x4<\/h5>\t\t\t\t<\/div>\n\t\t\t\t<\/div>\n\t\t\t\t<div class=\"elementor-element elementor-element-2424b8e4 elementor-widget elementor-widget-text-editor\" data-id=\"2424b8e4\" data-element_type=\"widget\" data-e-type=\"widget\" data-widget_type=\"text-editor.default\">\n\t\t\t\t<div class=\"elementor-widget-container\">\n\t\t\t\t\t\t\t\t\t<p><span style=\"color: #000000;\">La gita in cammello partir\u00e0 nel pomeriggio. Come di consueto, attraverserete le dune e vi godrete il tramonto e il sandboarding. All&#8217;accampamento, potrete gustare il cibo locale e i tamburi intorno al fuoco. Al mattino, il viaggio si svolger\u00e0 tra i nomadi e si pranzer\u00e0 l\u00ec. Inoltre, la vostra guida a cammello vi condurr\u00e0 a visitare la miniera di Mifis nel deserto nero vicino al confine. Si tratta di un&#8217;avventura di lavoro quotidiano in profondit\u00e0 nel terreno a 30 m dove si trovano le miniere. Dopo di che, tornerete a passare la notte con i nomadi. Il giorno seguente, farete colazione e tornerete in albergo a dorso di cammello.\u00a0<\/span><\/p><p><span style=\"color: #000000;\">Nel pomeriggio, farete un&#8217;esperienza di guida in 4&#215;4 per scoprire altre zone del deserto. In primo luogo, vi porteremo a visitare il villaggio di <a style=\"color: #000000;\" href=\"https:\/\/en.wikipedia.org\/wiki\/Khamlia\">Khamlia<\/a>. \u00c8 un villaggio abitato da persone di pelle nera provenienti dal Mali e dal Niger. I visitatori ascoltano la musica tradizionale Gnawa, poi visitiamo il lago. \u00c8 chiamato anche lago dei fenicotteri. Non solo attira i visitatori, ma anche diversi tipi di uccelli, come anatre, colombe e fenicotteri&#8230; Inoltre, visiteremo uno dei palmeti. Infine, le escursioni in cammello a Merzouga si concludono dopo il ritorno al vostro alloggio.\u00a0<\/span><\/p><p>\u00a0<\/p><p><strong><span style=\"color: #339966;\">Cosa \u00e8 incluso:<\/span><\/strong><\/p><ul><li><strong>Alloggio dove lasciare i bagagli<br \/><\/strong><\/li><li><strong>Doccia, cena e colazione<br \/><\/strong><\/li><li><strong>Parcheggio per la vostra auto (se necessario)<br \/><\/strong><\/li><li><strong>Pranzo in Nomadi<br \/><\/strong><\/li><li><strong>Campo nel deserto e tende nomadi<br \/><\/strong><\/li><li><strong>Cammello per ciascuno\u00a0<br \/><\/strong><\/li><li><strong>Escursione in 4&#215;4 (in 3 giorni di viaggio)<br \/><\/strong><\/li><li><strong>Bottiglia d&#8217;acqua<\/strong><\/li><\/ul>\t\t\t\t\t\t\t\t<\/div>\n\t\t\t\t<\/div>\n\t\t\t\t\t<\/div>\n\t\t<\/div>\n\t\t\t\t\t<\/div>\n\t\t<\/section>\n\t\t\t\t<\/div>\n\t\t","protected":false},"excerpt":{"rendered":"<p>Escursioni in cammello a Merzouga \u00c8 impossibile viaggiare in Marocco senza visitare il deserto. Il Sahara di Er Chebbi \u00e8 una destinazione turistica popolare che attira viaggiatori da tutto il mondo. Sono molte le attivit\u00e0 nel deserto organizzate per scoprire &hellip; <a href=\"https:\/\/moroccoinsightexcursions.com\/it\/escursioni-cammello-merzouga\/\">Read More<\/a><\/p>\n","protected":false},"author":1,"featured_media":637,"parent":0,"menu_order":0,"comment_status":"closed","ping_status":"closed","template":"","meta":{"_joinchat":[],"footnotes":""},"class_list":["post-633","page","type-page","status-publish","has-post-thumbnail","hentry"],"yoast_head":"<!-- This site is optimized with the Yoast SEO plugin v27.4 - https:\/\/yoast.com\/product\/yoast-seo-wordpress\/ -->\n<title>Escursioni in cammello a Merzouga | Marocco attivit\u00e0 nel deserto<\/title>\n<meta name=\"description\" content=\"Provate le migliori escursioni in cammello in Marocco a Merzouga. Giro a dorso di cammello nel deserto in stile nomade\" \/>\n<meta name=\"robots\" content=\"index, follow, max-snippet:-1, max-image-preview:large, max-video-preview:-1\" \/>\n<link rel=\"canonical\" href=\"https:\/\/moroccoinsightexcursions.com\/it\/escursioni-cammello-merzouga\/\" \/>\n<meta property=\"og:locale\" content=\"it_IT\" \/>\n<meta property=\"og:type\" content=\"article\" \/>\n<meta property=\"og:title\" content=\"Escursioni in cammello a Merzouga | Marocco attivit\u00e0 nel deserto\" \/>\n<meta property=\"og:description\" content=\"Provate le migliori escursioni in cammello in Marocco a Merzouga. Giro a dorso di cammello nel deserto in stile nomade\" \/>\n<meta property=\"og:url\" content=\"https:\/\/moroccoinsightexcursions.com\/it\/escursioni-cammello-merzouga\/\" \/>\n<meta property=\"og:site_name\" content=\"Morocco Insight Excursions\" \/>\n<meta property=\"article:publisher\" content=\"https:\/\/www.facebook.com\/moroccoinsightexcursions\" \/>\n<meta property=\"article:modified_time\" content=\"2024-05-12T20:59:17+00:00\" \/>\n<meta property=\"og:image\" content=\"https:\/\/moroccoinsightexcursions.com\/it\/wp-content\/uploads\/2023\/01\/Morocco-camel-trekking-trip.jpg\" \/>\n\t<meta property=\"og:image:width\" content=\"500\" \/>\n\t<meta property=\"og:image:height\" content=\"321\" \/>\n\t<meta property=\"og:image:type\" content=\"image\/jpeg\" \/>\n<meta name=\"twitter:card\" content=\"summary_large_image\" \/>\n<meta name=\"twitter:site\" content=\"@Web_Tours\" \/>\n<meta name=\"twitter:label1\" content=\"Tempo di lettura stimato\" \/>\n\t<meta name=\"twitter:data1\" content=\"5 minuti\" \/>\n<script type=\"application\/ld+json\" class=\"yoast-schema-graph\">{\"@context\":\"https:\\\/\\\/schema.org\",\"@graph\":[{\"@type\":\"WebPage\",\"@id\":\"https:\\\/\\\/moroccoinsightexcursions.com\\\/it\\\/escursioni-cammello-merzouga\\\/\",\"url\":\"https:\\\/\\\/moroccoinsightexcursions.com\\\/it\\\/escursioni-cammello-merzouga\\\/\",\"name\":\"Escursioni in cammello a Merzouga | Marocco attivit\u00e0 nel deserto\",\"isPartOf\":{\"@id\":\"https:\\\/\\\/moroccoinsightexcursions.com\\\/it\\\/#website\"},\"primaryImageOfPage\":{\"@id\":\"https:\\\/\\\/moroccoinsightexcursions.com\\\/it\\\/escursioni-cammello-merzouga\\\/#primaryimage\"},\"image\":{\"@id\":\"https:\\\/\\\/moroccoinsightexcursions.com\\\/it\\\/escursioni-cammello-merzouga\\\/#primaryimage\"},\"thumbnailUrl\":\"https:\\\/\\\/moroccoinsightexcursions.com\\\/it\\\/wp-content\\\/uploads\\\/2023\\\/01\\\/Morocco-camel-trekking-trip.jpg\",\"datePublished\":\"2023-01-30T19:47:53+00:00\",\"dateModified\":\"2024-05-12T20:59:17+00:00\",\"description\":\"Provate le migliori escursioni in cammello in Marocco a Merzouga. Giro a dorso di cammello nel deserto in stile nomade\",\"breadcrumb\":{\"@id\":\"https:\\\/\\\/moroccoinsightexcursions.com\\\/it\\\/escursioni-cammello-merzouga\\\/#breadcrumb\"},\"inLanguage\":\"it-IT\",\"potentialAction\":[{\"@type\":\"ReadAction\",\"target\":[\"https:\\\/\\\/moroccoinsightexcursions.com\\\/it\\\/escursioni-cammello-merzouga\\\/\"]}]},{\"@type\":\"ImageObject\",\"inLanguage\":\"it-IT\",\"@id\":\"https:\\\/\\\/moroccoinsightexcursions.com\\\/it\\\/escursioni-cammello-merzouga\\\/#primaryimage\",\"url\":\"https:\\\/\\\/moroccoinsightexcursions.com\\\/it\\\/wp-content\\\/uploads\\\/2023\\\/01\\\/Morocco-camel-trekking-trip.jpg\",\"contentUrl\":\"https:\\\/\\\/moroccoinsightexcursions.com\\\/it\\\/wp-content\\\/uploads\\\/2023\\\/01\\\/Morocco-camel-trekking-trip.jpg\",\"width\":500,\"height\":321,\"caption\":\"Escursioni in cammello a Merzouga\"},{\"@type\":\"BreadcrumbList\",\"@id\":\"https:\\\/\\\/moroccoinsightexcursions.com\\\/it\\\/escursioni-cammello-merzouga\\\/#breadcrumb\",\"itemListElement\":[{\"@type\":\"ListItem\",\"position\":1,\"name\":\"Home\",\"item\":\"https:\\\/\\\/moroccoinsightexcursions.com\\\/it\\\/\"},{\"@type\":\"ListItem\",\"position\":2,\"name\":\"Escursioni Cammello\"}]},{\"@type\":\"WebSite\",\"@id\":\"https:\\\/\\\/moroccoinsightexcursions.com\\\/it\\\/#website\",\"url\":\"https:\\\/\\\/moroccoinsightexcursions.com\\\/it\\\/\",\"name\":\"Morocco Insight Excursions\",\"description\":\"Agenzia di viaggi in Marocco\",\"publisher\":{\"@id\":\"https:\\\/\\\/moroccoinsightexcursions.com\\\/it\\\/#\\\/schema\\\/person\\\/f263e53f3d9c65bd27519f58c751c64f\"},\"alternateName\":\"tour nel deserto del marocco\",\"potentialAction\":[{\"@type\":\"SearchAction\",\"target\":{\"@type\":\"EntryPoint\",\"urlTemplate\":\"https:\\\/\\\/moroccoinsightexcursions.com\\\/it\\\/?s={search_term_string}\"},\"query-input\":{\"@type\":\"PropertyValueSpecification\",\"valueRequired\":true,\"valueName\":\"search_term_string\"}}],\"inLanguage\":\"it-IT\"},{\"@type\":[\"Person\",\"Organization\"],\"@id\":\"https:\\\/\\\/moroccoinsightexcursions.com\\\/it\\\/#\\\/schema\\\/person\\\/f263e53f3d9c65bd27519f58c751c64f\",\"name\":\"Moha\",\"image\":{\"@type\":\"ImageObject\",\"inLanguage\":\"it-IT\",\"@id\":\"https:\\\/\\\/moroccoinsightexcursions.com\\\/it\\\/wp-content\\\/uploads\\\/2023\\\/01\\\/cropped-Morocco_Logo_Color-300x155-1.png\",\"url\":\"https:\\\/\\\/moroccoinsightexcursions.com\\\/it\\\/wp-content\\\/uploads\\\/2023\\\/01\\\/cropped-Morocco_Logo_Color-300x155-1.png\",\"contentUrl\":\"https:\\\/\\\/moroccoinsightexcursions.com\\\/it\\\/wp-content\\\/uploads\\\/2023\\\/01\\\/cropped-Morocco_Logo_Color-300x155-1.png\",\"width\":300,\"height\":155,\"caption\":\"Moha\"},\"logo\":{\"@id\":\"https:\\\/\\\/moroccoinsightexcursions.com\\\/it\\\/wp-content\\\/uploads\\\/2023\\\/01\\\/cropped-Morocco_Logo_Color-300x155-1.png\"},\"sameAs\":[\"https:\\\/\\\/moroccoinsightexcursions.com\\\/it\",\"https:\\\/\\\/www.facebook.com\\\/moroccoinsightexcursions\",\"https:\\\/\\\/www.instagram.com\\\/moroccoinsightexcursions\\\/\",\"https:\\\/\\\/www.pinterest.com\\\/moroccoinsightexcursions\\\/\",\"https:\\\/\\\/x.com\\\/https:\\\/\\\/twitter.com\\\/Web_Tours\"]}]}<\/script>\n<!-- \/ Yoast SEO plugin. -->","yoast_head_json":{"title":"Escursioni in cammello a Merzouga | Marocco attivit\u00e0 nel deserto","description":"Provate le migliori escursioni in cammello in Marocco a Merzouga. Giro a dorso di cammello nel deserto in stile nomade","robots":{"index":"index","follow":"follow","max-snippet":"max-snippet:-1","max-image-preview":"max-image-preview:large","max-video-preview":"max-video-preview:-1"},"canonical":"https:\/\/moroccoinsightexcursions.com\/it\/escursioni-cammello-merzouga\/","og_locale":"it_IT","og_type":"article","og_title":"Escursioni in cammello a Merzouga | Marocco attivit\u00e0 nel deserto","og_description":"Provate le migliori escursioni in cammello in Marocco a Merzouga. Giro a dorso di cammello nel deserto in stile nomade","og_url":"https:\/\/moroccoinsightexcursions.com\/it\/escursioni-cammello-merzouga\/","og_site_name":"Morocco Insight Excursions","article_publisher":"https:\/\/www.facebook.com\/moroccoinsightexcursions","article_modified_time":"2024-05-12T20:59:17+00:00","og_image":[{"width":500,"height":321,"url":"https:\/\/moroccoinsightexcursions.com\/it\/wp-content\/uploads\/2023\/01\/Morocco-camel-trekking-trip.jpg","type":"image\/jpeg"}],"twitter_card":"summary_large_image","twitter_site":"@Web_Tours","twitter_misc":{"Tempo di lettura stimato":"5 minuti"},"schema":{"@context":"https:\/\/schema.org","@graph":[{"@type":"WebPage","@id":"https:\/\/moroccoinsightexcursions.com\/it\/escursioni-cammello-merzouga\/","url":"https:\/\/moroccoinsightexcursions.com\/it\/escursioni-cammello-merzouga\/","name":"Escursioni in cammello a Merzouga | Marocco attivit\u00e0 nel deserto","isPartOf":{"@id":"https:\/\/moroccoinsightexcursions.com\/it\/#website"},"primaryImageOfPage":{"@id":"https:\/\/moroccoinsightexcursions.com\/it\/escursioni-cammello-merzouga\/#primaryimage"},"image":{"@id":"https:\/\/moroccoinsightexcursions.com\/it\/escursioni-cammello-merzouga\/#primaryimage"},"thumbnailUrl":"https:\/\/moroccoinsightexcursions.com\/it\/wp-content\/uploads\/2023\/01\/Morocco-camel-trekking-trip.jpg","datePublished":"2023-01-30T19:47:53+00:00","dateModified":"2024-05-12T20:59:17+00:00","description":"Provate le migliori escursioni in cammello in Marocco a Merzouga. Giro a dorso di cammello nel deserto in stile nomade","breadcrumb":{"@id":"https:\/\/moroccoinsightexcursions.com\/it\/escursioni-cammello-merzouga\/#breadcrumb"},"inLanguage":"it-IT","potentialAction":[{"@type":"ReadAction","target":["https:\/\/moroccoinsightexcursions.com\/it\/escursioni-cammello-merzouga\/"]}]},{"@type":"ImageObject","inLanguage":"it-IT","@id":"https:\/\/moroccoinsightexcursions.com\/it\/escursioni-cammello-merzouga\/#primaryimage","url":"https:\/\/moroccoinsightexcursions.com\/it\/wp-content\/uploads\/2023\/01\/Morocco-camel-trekking-trip.jpg","contentUrl":"https:\/\/moroccoinsightexcursions.com\/it\/wp-content\/uploads\/2023\/01\/Morocco-camel-trekking-trip.jpg","width":500,"height":321,"caption":"Escursioni in cammello a Merzouga"},{"@type":"BreadcrumbList","@id":"https:\/\/moroccoinsightexcursions.com\/it\/escursioni-cammello-merzouga\/#breadcrumb","itemListElement":[{"@type":"ListItem","position":1,"name":"Home","item":"https:\/\/moroccoinsightexcursions.com\/it\/"},{"@type":"ListItem","position":2,"name":"Escursioni Cammello"}]},{"@type":"WebSite","@id":"https:\/\/moroccoinsightexcursions.com\/it\/#website","url":"https:\/\/moroccoinsightexcursions.com\/it\/","name":"Morocco Insight Excursions","description":"Agenzia di viaggi in Marocco","publisher":{"@id":"https:\/\/moroccoinsightexcursions.com\/it\/#\/schema\/person\/f263e53f3d9c65bd27519f58c751c64f"},"alternateName":"tour nel deserto del marocco","potentialAction":[{"@type":"SearchAction","target":{"@type":"EntryPoint","urlTemplate":"https:\/\/moroccoinsightexcursions.com\/it\/?s={search_term_string}"},"query-input":{"@type":"PropertyValueSpecification","valueRequired":true,"valueName":"search_term_string"}}],"inLanguage":"it-IT"},{"@type":["Person","Organization"],"@id":"https:\/\/moroccoinsightexcursions.com\/it\/#\/schema\/person\/f263e53f3d9c65bd27519f58c751c64f","name":"Moha","image":{"@type":"ImageObject","inLanguage":"it-IT","@id":"https:\/\/moroccoinsightexcursions.com\/it\/wp-content\/uploads\/2023\/01\/cropped-Morocco_Logo_Color-300x155-1.png","url":"https:\/\/moroccoinsightexcursions.com\/it\/wp-content\/uploads\/2023\/01\/cropped-Morocco_Logo_Color-300x155-1.png","contentUrl":"https:\/\/moroccoinsightexcursions.com\/it\/wp-content\/uploads\/2023\/01\/cropped-Morocco_Logo_Color-300x155-1.png","width":300,"height":155,"caption":"Moha"},"logo":{"@id":"https:\/\/moroccoinsightexcursions.com\/it\/wp-content\/uploads\/2023\/01\/cropped-Morocco_Logo_Color-300x155-1.png"},"sameAs":["https:\/\/moroccoinsightexcursions.com\/it","https:\/\/www.facebook.com\/moroccoinsightexcursions","https:\/\/www.instagram.com\/moroccoinsightexcursions\/","https:\/\/www.pinterest.com\/moroccoinsightexcursions\/","https:\/\/x.com\/https:\/\/twitter.com\/Web_Tours"]}]}},"_links":{"self":[{"href":"https:\/\/moroccoinsightexcursions.com\/it\/wp-json\/wp\/v2\/pages\/633","targetHints":{"allow":["GET"]}}],"collection":[{"href":"https:\/\/moroccoinsightexcursions.com\/it\/wp-json\/wp\/v2\/pages"}],"about":[{"href":"https:\/\/moroccoinsightexcursions.com\/it\/wp-json\/wp\/v2\/types\/page"}],"author":[{"embeddable":true,"href":"https:\/\/moroccoinsightexcursions.com\/it\/wp-json\/wp\/v2\/users\/1"}],"replies":[{"embeddable":true,"href":"https:\/\/moroccoinsightexcursions.com\/it\/wp-json\/wp\/v2\/comments?post=633"}],"version-history":[{"count":52,"href":"https:\/\/moroccoinsightexcursions.com\/it\/wp-json\/wp\/v2\/pages\/633\/revisions"}],"predecessor-version":[{"id":3510,"href":"https:\/\/moroccoinsightexcursions.com\/it\/wp-json\/wp\/v2\/pages\/633\/revisions\/3510"}],"wp:featuredmedia":[{"embeddable":true,"href":"https:\/\/moroccoinsightexcursions.com\/it\/wp-json\/wp\/v2\/media\/637"}],"wp:attachment":[{"href":"https:\/\/moroccoinsightexcursions.com\/it\/wp-json\/wp\/v2\/media?parent=633"}],"curies":[{"name":"wp","href":"https:\/\/api.w.org\/{rel}","templated":true}]}}